{"id":1457,"date":"2018-01-18T19:09:50","date_gmt":"2018-01-19T00:09:50","guid":{"rendered":"https:\/\/digitaldays.com\/contact\/"},"modified":"2023-10-13T10:55:16","modified_gmt":"2023-10-13T14:55:16","slug":"contact","status":"publish","type":"page","link":"https:\/\/digitaldays.com\/fr\/contact\/","title":{"rendered":"Contact"},"content":{"rendered":"<p>[et_pb_section fb_built=\u00a0\u00bb1&Prime; fullwidth=\u00a0\u00bbon\u00a0\u00bb _builder_version=\u00a0\u00bb4.16&Prime; global_colors_info=\u00a0\u00bb{}\u00a0\u00bb][et_pb_fullwidth_map address=\u00a0\u00bbKingston, ON, Canada\u00a0\u00bb zoom_level=\u00a0\u00bb7&Prime; address_lat=\u00a0\u00bb44.70159902349667&Prime; address_lng=\u00a0\u00bb-76.34313213437498&Prime; _builder_version=\u00a0\u00bb4.16&Prime; global_colors_info=\u00a0\u00bb{}\u00a0\u00bb][et_pb_map_pin title=\u00a0\u00bbSi\u00e8ge social\u00a0\u00bb pin_address=\u00a0\u00bb5524 Rue Saint-Patrick, Montr\u00e9al, QC H4E 1A8, Canada\u00a0\u00bb pin_address_lat=\u00a0\u00bb45.4636018&Prime; pin_address_lng=\u00a0\u00bb-73.59494849999999&Prime; _builder_version=\u00a0\u00bb3.0.97&Prime; global_colors_info=\u00a0\u00bb{}\u00a0\u00bb][\/et_pb_map_pin][et_pb_map_pin title=\u00a0\u00bbService \u00e0 Toronto\u00a0\u00bb pin_address=\u00a0\u00bb550 Cochrane Dr, Markham, ON L3R 8E2, Canada\u00a0\u00bb pin_address_lat=\u00a0\u00bb43.8442513&Prime; pin_address_lng=\u00a0\u00bb-79.3650356&Prime; _builder_version=\u00a0\u00bb4.2.2&Prime; global_colors_info=\u00a0\u00bb{}\u00a0\u00bb][\/et_pb_map_pin][et_pb_map_pin title=\u00a0\u00bbService d&apos;Ottawa\u00a0\u00bb pin_address=\u00a0\u00bbOttawa, ON, Canada\u00a0\u00bb pin_address_lat=\u00a0\u00bb45.4215296&Prime; pin_address_lng=\u00a0\u00bb-75.6971931&Prime; _builder_version=\u00a0\u00bb3.27.3&Prime; global_colors_info=\u00a0\u00bb{}\u00a0\u00bb][\/et_pb_map_pin][\/et_pb_fullwidth_map][\/et_pb_section][et_pb_section fb_built=\u00a0\u00bb1&Prime; _builder_version=\u00a0\u00bb4.16&Prime; global_colors_info=\u00a0\u00bb{}\u00a0\u00bb][et_pb_row column_structure=\u00a0\u00bb2_3,1_3&Prime; _builder_version=\u00a0\u00bb4.16&Prime; background_size=\u00a0\u00bbinitial\u00a0\u00bb background_position=\u00a0\u00bbtop_left\u00a0\u00bb background_repeat=\u00a0\u00bbrepeat\u00a0\u00bb hover_enabled=\u00a0\u00bb0&Prime; global_colors_info=\u00a0\u00bb{}\u00a0\u00bb sticky_enabled=\u00a0\u00bb0&Prime;][et_pb_column type=\u00a0\u00bb2_3&Prime; _builder_version=\u00a0\u00bb4.16&Prime; custom_padding=\u00a0\u00bb|||\u00a0\u00bb global_colors_info=\u00a0\u00bb{}\u00a0\u00bb custom_padding__hover=\u00a0\u00bb|||\u00a0\u00bb][et_pb_contact_form use_spam_service=\u00a0\u00bbon\u00a0\u00bb recaptcha_list=\u00a0\u00bbcom Corp Website|com Corp Website-0&Prime; email=\u00a0\u00bbsales@digitaldays.com\u00a0\u00bb title=\u00a0\u00bbNous serions ravis de vous entendre !\u00a0\u00bb custom_message=\u00a0\u00bbSoumission d&apos;un nouveau site web : digitaldays.com||et_pb_line_break_holder||||et_pb_line_break_holder||Nom : %%nom%%|et_pb_line_break_holder||||et_pb_line_break_holder||E-Mail : %%email%%|et_pb_line_break_holder||||et_pb_line_break_holder||Privacy : %%Privacy%%|et_pb_line_break_holder||||et_pb_line_break_holder|Message : %%message%%|et_pb_line_break_holder||||et_pb_line_break_holder|__|et_pb_line_break_holder||||et_pb_line_break_holder||Digital Days Inc||et_pb_line_break_holder||Website Submission Engine 2020||et_p_line_break_holder||.  \u00a0\u00bb use_redirect=\u00a0\u00bbon\u00a0\u00bb redirect_url=\u00a0\u00bbhttps:\/\/digitaldays.com\/fr\/\u00a0\u00bb success_message=\u00a0\u00bbSucc\u00e8s ! Nous reviendrons vers vous tr\u00e8s bient\u00f4t !\u00a0\u00bb submit_button_text=\u00a0\u00bbDites bonjour !\u00a0\u00bb module_id=\u00a0\u00bbet_pb_contact_form_0&Prime; _builder_version=\u00a0\u00bb4.22.2&Prime; _unique_id=\u00a0\u00bb021a2368-b057-4c24-bbec-4b390eba591d\u00a0\u00bb hover_transition_duration=\u00a0\u00bb600ms\u00a0\u00bb hover_enabled=\u00a0\u00bb0&Prime; global_colors_info=\u00a0\u00bb{}\u00a0\u00bb sticky_enabled=\u00a0\u00bb0&Prime;][et_pb_contact_field field_id=\u00a0\u00bbName\u00a0\u00bb field_title=\u00a0\u00bbNom\u00a0\u00bb _builder_version=\u00a0\u00bb4.16&Prime; global_colors_info=\u00a0\u00bb{}\u00a0\u00bb button_text_size__hover_enabled=\u00a0\u00bboff\u00a0\u00bb button_one_text_size__hover_enabled=\u00a0\u00bboff\u00a0\u00bb button_two_text_size__hover_enabled=\u00a0\u00bboff\u00a0\u00bb button_text_color__hover_enabled=\u00a0\u00bboff\u00a0\u00bb button_one_text_color__hover_enabled=\u00a0\u00bboff\u00a0\u00bb button_two_text_color__hover_enabled=\u00a0\u00bboff\u00a0\u00bb button_border_width__hover_enabled=\u00a0\u00bboff\u00a0\u00bb button_one_border_width__hover_enabled=\u00a0\u00bboff\u00a0\u00bb button_two_border_width__hover_enabled=\u00a0\u00bboff\u00a0\u00bb button_border_color__hover_enabled=\u00a0\u00bboff\u00a0\u00bb button_one_border_color__hover_enabled=\u00a0\u00bboff\u00a0\u00bb button_two_border_color__hover_enabled=\u00a0\u00bboff\u00a0\u00bb button_border_radius__hover_enabled=\u00a0\u00bboff\u00a0\u00bb button_one_border_radius__hover_enabled=\u00a0\u00bboff\u00a0\u00bb button_two_border_radius__hover_enabled=\u00a0\u00bboff\u00a0\u00bb button_letter_spacing__hover_enabled=\u00a0\u00bboff\u00a0\u00bb button_one_letter_spacing__hover_enabled=\u00a0\u00bboff\u00a0\u00bb button_two_letter_spacing__hover_enabled=\u00a0\u00bboff\u00a0\u00bb button_bg_color__hover_enabled=\u00a0\u00bboff\u00a0\u00bb button_one_bg_color__hover_enabled=\u00a0\u00bboff\u00a0\u00bb button_two_bg_color__hover_enabled=\u00a0\u00bboff\u00a0\u00bb][\/et_pb_contact_field][et_pb_contact_field field_id=\u00a0\u00bbEmail\u00a0\u00bb field_title=\u00a0\u00bbAdresse \u00e9lectronique\u00a0\u00bb field_type=\u00a0\u00bbemail\u00a0\u00bb _builder_version=\u00a0\u00bb4.16&Prime; global_colors_info=\u00a0\u00bb{}\u00a0\u00bb button_text_size__hover_enabled=\u00a0\u00bboff\u00a0\u00bb button_one_text_size__hover_enabled=\u00a0\u00bboff\u00a0\u00bb button_two_text_size__hover_enabled=\u00a0\u00bboff\u00a0\u00bb button_text_color__hover_enabled=\u00a0\u00bboff\u00a0\u00bb button_one_text_color__hover_enabled=\u00a0\u00bboff\u00a0\u00bb button_two_text_color__hover_enabled=\u00a0\u00bboff\u00a0\u00bb button_border_width__hover_enabled=\u00a0\u00bboff\u00a0\u00bb button_one_border_width__hover_enabled=\u00a0\u00bboff\u00a0\u00bb button_two_border_width__hover_enabled=\u00a0\u00bboff\u00a0\u00bb button_border_color__hover_enabled=\u00a0\u00bboff\u00a0\u00bb button_one_border_color__hover_enabled=\u00a0\u00bboff\u00a0\u00bb button_two_border_color__hover_enabled=\u00a0\u00bboff\u00a0\u00bb button_border_radius__hover_enabled=\u00a0\u00bboff\u00a0\u00bb button_one_border_radius__hover_enabled=\u00a0\u00bboff\u00a0\u00bb button_two_border_radius__hover_enabled=\u00a0\u00bboff\u00a0\u00bb button_letter_spacing__hover_enabled=\u00a0\u00bboff\u00a0\u00bb button_one_letter_spacing__hover_enabled=\u00a0\u00bboff\u00a0\u00bb button_two_letter_spacing__hover_enabled=\u00a0\u00bboff\u00a0\u00bb button_bg_color__hover_enabled=\u00a0\u00bboff\u00a0\u00bb button_one_bg_color__hover_enabled=\u00a0\u00bboff\u00a0\u00bb button_two_bg_color__hover_enabled=\u00a0\u00bboff\u00a0\u00bb][\/et_pb_contact_field][et_pb_contact_field field_id=\u00a0\u00bbMessage\u00a0\u00bb field_title=\u00a0\u00bbMessage\u00a0\u00bb field_type=\u00a0\u00bbtext\u00a0\u00bb fullwidth_field=\u00a0\u00bbon\u00a0\u00bb _builder_version=\u00a0\u00bb4.16&Prime; global_colors_info=\u00a0\u00bb{}\u00a0\u00bb button_text_size__hover_enabled=\u00a0\u00bboff\u00a0\u00bb button_one_text_size__hover_enabled=\u00a0\u00bboff\u00a0\u00bb button_two_text_size__hover_enabled=\u00a0\u00bboff\u00a0\u00bb button_text_color__hover_enabled=\u00a0\u00bboff\u00a0\u00bb button_one_text_color__hover_enabled=\u00a0\u00bboff\u00a0\u00bb button_two_text_color__hover_enabled=\u00a0\u00bboff\u00a0\u00bb button_border_width__hover_enabled=\u00a0\u00bboff\u00a0\u00bb button_one_border_width__hover_enabled=\u00a0\u00bboff\u00a0\u00bb button_two_border_width__hover_enabled=\u00a0\u00bboff\u00a0\u00bb button_border_color__hover_enabled=\u00a0\u00bboff\u00a0\u00bb button_one_border_color__hover_enabled=\u00a0\u00bboff\u00a0\u00bb button_two_border_color__hover_enabled=\u00a0\u00bboff\u00a0\u00bb button_border_radius__hover_enabled=\u00a0\u00bboff\u00a0\u00bb button_one_border_radius__hover_enabled=\u00a0\u00bboff\u00a0\u00bb button_two_border_radius__hover_enabled=\u00a0\u00bboff\u00a0\u00bb button_letter_spacing__hover_enabled=\u00a0\u00bboff\u00a0\u00bb button_one_letter_spacing__hover_enabled=\u00a0\u00bboff\u00a0\u00bb button_two_letter_spacing__hover_enabled=\u00a0\u00bboff\u00a0\u00bb button_bg_color__hover_enabled=\u00a0\u00bboff\u00a0\u00bb button_one_bg_color__hover_enabled=\u00a0\u00bboff\u00a0\u00bb button_two_bg_color__hover_enabled=\u00a0\u00bboff\u00a0\u00bb][\/et_pb_contact_field][et_pb_contact_field field_id=\u00a0\u00bbPrivacy\u00a0\u00bb field_title=\u00a0\u00bbVeuillez cocher cette case pour confirmer que vous avez lu et compris notre politique de confidentialit\u00e9.\u00a0\u00bb field_type=\u00a0\u00bbcheckbox\u00a0\u00bb checkbox_options=\u00a0\u00bb%91{%22value%22:%22Oui%22,%22checked%22:0,%22dragID%22:-1}%93&Prime; fullwidth_field=\u00a0\u00bbon\u00a0\u00bb _builder_version=\u00a0\u00bb4.16&Prime; link_option_url=\u00a0\u00bbhttps:\/\/digitaldays.com\/privacy\/\u00a0\u00bb link_option_url_new_window=\u00a0\u00bbon\u00a0\u00bb global_colors_info=\u00a0\u00bb{}\u00a0\u00bb][\/et_pb_contact_field][\/et_pb_contact_form][\/et_pb_column][et_pb_column type=\u00a0\u00bb1_3&Prime; _builder_version=\u00a0\u00bb4.16&Prime; custom_padding=\u00a0\u00bb|||\u00a0\u00bb global_colors_info=\u00a0\u00bb{}\u00a0\u00bb custom_padding__hover=\u00a0\u00bb|||\u00a0\u00bb][et_pb_text _builder_version=\u00a0\u00bb4.16&Prime; background_size=\u00a0\u00bbinitial\u00a0\u00bb background_position=\u00a0\u00bbtop_left\u00a0\u00bb background_repeat=\u00a0\u00bbrepeat\u00a0\u00bb global_colors_info=\u00a0\u00bb{}\u00a0\u00bb]<\/p>\n<h3>Nos bureaux<\/h3>\n<p>Digital Days poss\u00e8de des bureaux et des services de centre de donn\u00e9es dans deux villes canadiennes. Notre si\u00e8ge social est situ\u00e9 \u00e0 Montr\u00e9al, au Qu\u00e9bec, avec du personnel suppl\u00e9mentaire et des services de centre de donn\u00e9es au centre-ville de Toronto, en Ontario, et un service \u00e0 Gatineau, au Qu\u00e9bec et \u00e0 Ottawa, en Ontario.<\/p>\n<p><strong>Si\u00e8ge social de Montr\u00e9al :<\/strong><\/p>\n<p><span style=\"font-size: 14px;\"><strong>Digital Days Inc<\/strong><br \/> <\/span>5524 rue St-Patrick, Suite 510<br \/>  Montr\u00e9al, Qu\u00e9bec, Canada<br \/>  H4E 1A8<\/p>\n<p><strong style=\"font-size: 14px;\">T\u00e9l\u00e9phone :<\/strong><span style=\"font-size: 14px;\"> 877.934.4678<\/span><\/p>\n<p><strong>Heures d&rsquo;ouverture normales :<\/strong> De 8 h \u00e0 17 h, du lundi au vendredi.<\/p>\n<p>[\/et_pb_text][\/et_pb_column][\/et_pb_row][\/et_pb_section]<\/p>\n","protected":false},"excerpt":{"rendered":"<p>Nos bureaux Digital Days poss\u00e8de des bureaux et des services de centre de donn\u00e9es dans deux villes canadiennes. Notre si\u00e8ge social est situ\u00e9 \u00e0 Montr\u00e9al, au Qu\u00e9bec, avec du personnel suppl\u00e9mentaire et des services de centre de donn\u00e9es au centre-ville de Toronto, en Ontario, et un service \u00e0 Gatineau, au Qu\u00e9bec et \u00e0 Ottawa, en [&hellip;]<\/p>\n","protected":false},"author":1,"featured_media":0,"parent":0,"menu_order":7,"comment_status":"closed","ping_status":"closed","template":"","meta":{"_et_pb_use_builder":"on","_et_pb_old_content":"","_et_gb_content_width":"","footnotes":""},"class_list":["post-1457","page","type-page","status-publish","hentry"],"yoast_head":"<!-- This site is optimized with the Yoast SEO plugin v27.4 - https:\/\/yoast.com\/product\/yoast-seo-wordpress\/ -->\n<title>Contact - Digital Days Inc<\/title>\n<meta name=\"robots\" content=\"index, follow, max-snippet:-1, max-image-preview:large, max-video-preview:-1\" \/>\n<link rel=\"canonical\" href=\"https:\/\/digitaldays.com\/fr\/contact\/\" \/>\n<meta property=\"og:locale\" content=\"fr_FR\" \/>\n<meta property=\"og:type\" content=\"article\" \/>\n<meta property=\"og:title\" content=\"Contact - Digital Days Inc\" \/>\n<meta property=\"og:description\" content=\"Nos bureaux Digital Days poss\u00e8de des bureaux et des services de centre de donn\u00e9es dans deux villes canadiennes. Notre si\u00e8ge social est situ\u00e9 \u00e0 Montr\u00e9al, au Qu\u00e9bec, avec du personnel suppl\u00e9mentaire et des services de centre de donn\u00e9es au centre-ville de Toronto, en Ontario, et un service \u00e0 Gatineau, au Qu\u00e9bec et \u00e0 Ottawa, en [&hellip;]\" \/>\n<meta property=\"og:url\" content=\"https:\/\/digitaldays.com\/fr\/contact\/\" \/>\n<meta property=\"og:site_name\" content=\"Digital Days Inc\" \/>\n<meta property=\"article:publisher\" content=\"https:\/\/www.facebook.com\/digitaldaysinc\/\" \/>\n<meta property=\"article:modified_time\" content=\"2023-10-13T14:55:16+00:00\" \/>\n<meta name=\"twitter:card\" content=\"summary_large_image\" \/>\n<meta name=\"twitter:site\" content=\"@digitaldays\" \/>\n<meta name=\"twitter:label1\" content=\"Dur\u00e9e de lecture estim\u00e9e\" \/>\n\t<meta name=\"twitter:data1\" content=\"5 minutes\" \/>\n<script type=\"application\/ld+json\" class=\"yoast-schema-graph\">{\"@context\":\"https:\\\/\\\/schema.org\",\"@graph\":[{\"@type\":\"WebPage\",\"@id\":\"https:\\\/\\\/digitaldays.com\\\/fr\\\/contact\\\/\",\"url\":\"https:\\\/\\\/digitaldays.com\\\/fr\\\/contact\\\/\",\"name\":\"Contact - Digital Days Inc\",\"isPartOf\":{\"@id\":\"https:\\\/\\\/digitaldays.com\\\/fr\\\/#website\"},\"datePublished\":\"2018-01-19T00:09:50+00:00\",\"dateModified\":\"2023-10-13T14:55:16+00:00\",\"breadcrumb\":{\"@id\":\"https:\\\/\\\/digitaldays.com\\\/fr\\\/contact\\\/#breadcrumb\"},\"inLanguage\":\"fr-FR\",\"potentialAction\":[{\"@type\":\"ReadAction\",\"target\":[\"https:\\\/\\\/digitaldays.com\\\/fr\\\/contact\\\/\"]}]},{\"@type\":\"BreadcrumbList\",\"@id\":\"https:\\\/\\\/digitaldays.com\\\/fr\\\/contact\\\/#breadcrumb\",\"itemListElement\":[{\"@type\":\"ListItem\",\"position\":1,\"name\":\"Home\",\"item\":\"https:\\\/\\\/digitaldays.com\\\/fr\\\/\"},{\"@type\":\"ListItem\",\"position\":2,\"name\":\"Contact\"}]},{\"@type\":\"WebSite\",\"@id\":\"https:\\\/\\\/digitaldays.com\\\/fr\\\/#website\",\"url\":\"https:\\\/\\\/digitaldays.com\\\/fr\\\/\",\"name\":\"Digital Days Managed IT\",\"description\":\"Managed IT Services\",\"publisher\":{\"@id\":\"https:\\\/\\\/digitaldays.com\\\/fr\\\/#organization\"},\"potentialAction\":[{\"@type\":\"SearchAction\",\"target\":{\"@type\":\"EntryPoint\",\"urlTemplate\":\"https:\\\/\\\/digitaldays.com\\\/fr\\\/?s={search_term_string}\"},\"query-input\":{\"@type\":\"PropertyValueSpecification\",\"valueRequired\":true,\"valueName\":\"search_term_string\"}}],\"inLanguage\":\"fr-FR\"},{\"@type\":\"Organization\",\"@id\":\"https:\\\/\\\/digitaldays.com\\\/fr\\\/#organization\",\"name\":\"Digital Days\",\"url\":\"https:\\\/\\\/digitaldays.com\\\/fr\\\/\",\"logo\":{\"@type\":\"ImageObject\",\"inLanguage\":\"fr-FR\",\"@id\":\"https:\\\/\\\/digitaldays.com\\\/fr\\\/#\\\/schema\\\/logo\\\/image\\\/\",\"url\":\"https:\\\/\\\/digitaldays.com\\\/wp-content\\\/uploads\\\/2017\\\/10\\\/digitaldays_logo_2017_wiki.png\",\"contentUrl\":\"https:\\\/\\\/digitaldays.com\\\/wp-content\\\/uploads\\\/2017\\\/10\\\/digitaldays_logo_2017_wiki.png\",\"width\":1248,\"height\":326,\"caption\":\"Digital Days\"},\"image\":{\"@id\":\"https:\\\/\\\/digitaldays.com\\\/fr\\\/#\\\/schema\\\/logo\\\/image\\\/\"},\"sameAs\":[\"https:\\\/\\\/www.facebook.com\\\/digitaldaysinc\\\/\",\"https:\\\/\\\/x.com\\\/digitaldays\",\"https:\\\/\\\/www.instagram.com\\\/digitaldays\\\/\",\"https:\\\/\\\/www.linkedin.com\\\/company\\\/digital-days-inc\"]}]}<\/script>\n<!-- \/ Yoast SEO plugin. -->","yoast_head_json":{"title":"Contact - Digital Days Inc","robots":{"index":"index","follow":"follow","max-snippet":"max-snippet:-1","max-image-preview":"max-image-preview:large","max-video-preview":"max-video-preview:-1"},"canonical":"https:\/\/digitaldays.com\/fr\/contact\/","og_locale":"fr_FR","og_type":"article","og_title":"Contact - Digital Days Inc","og_description":"Nos bureaux Digital Days poss\u00e8de des bureaux et des services de centre de donn\u00e9es dans deux villes canadiennes. Notre si\u00e8ge social est situ\u00e9 \u00e0 Montr\u00e9al, au Qu\u00e9bec, avec du personnel suppl\u00e9mentaire et des services de centre de donn\u00e9es au centre-ville de Toronto, en Ontario, et un service \u00e0 Gatineau, au Qu\u00e9bec et \u00e0 Ottawa, en [&hellip;]","og_url":"https:\/\/digitaldays.com\/fr\/contact\/","og_site_name":"Digital Days Inc","article_publisher":"https:\/\/www.facebook.com\/digitaldaysinc\/","article_modified_time":"2023-10-13T14:55:16+00:00","twitter_card":"summary_large_image","twitter_site":"@digitaldays","twitter_misc":{"Dur\u00e9e de lecture estim\u00e9e":"5 minutes"},"schema":{"@context":"https:\/\/schema.org","@graph":[{"@type":"WebPage","@id":"https:\/\/digitaldays.com\/fr\/contact\/","url":"https:\/\/digitaldays.com\/fr\/contact\/","name":"Contact - Digital Days Inc","isPartOf":{"@id":"https:\/\/digitaldays.com\/fr\/#website"},"datePublished":"2018-01-19T00:09:50+00:00","dateModified":"2023-10-13T14:55:16+00:00","breadcrumb":{"@id":"https:\/\/digitaldays.com\/fr\/contact\/#breadcrumb"},"inLanguage":"fr-FR","potentialAction":[{"@type":"ReadAction","target":["https:\/\/digitaldays.com\/fr\/contact\/"]}]},{"@type":"BreadcrumbList","@id":"https:\/\/digitaldays.com\/fr\/contact\/#breadcrumb","itemListElement":[{"@type":"ListItem","position":1,"name":"Home","item":"https:\/\/digitaldays.com\/fr\/"},{"@type":"ListItem","position":2,"name":"Contact"}]},{"@type":"WebSite","@id":"https:\/\/digitaldays.com\/fr\/#website","url":"https:\/\/digitaldays.com\/fr\/","name":"Digital Days Managed IT","description":"Managed IT Services","publisher":{"@id":"https:\/\/digitaldays.com\/fr\/#organization"},"potentialAction":[{"@type":"SearchAction","target":{"@type":"EntryPoint","urlTemplate":"https:\/\/digitaldays.com\/fr\/?s={search_term_string}"},"query-input":{"@type":"PropertyValueSpecification","valueRequired":true,"valueName":"search_term_string"}}],"inLanguage":"fr-FR"},{"@type":"Organization","@id":"https:\/\/digitaldays.com\/fr\/#organization","name":"Digital Days","url":"https:\/\/digitaldays.com\/fr\/","logo":{"@type":"ImageObject","inLanguage":"fr-FR","@id":"https:\/\/digitaldays.com\/fr\/#\/schema\/logo\/image\/","url":"https:\/\/digitaldays.com\/wp-content\/uploads\/2017\/10\/digitaldays_logo_2017_wiki.png","contentUrl":"https:\/\/digitaldays.com\/wp-content\/uploads\/2017\/10\/digitaldays_logo_2017_wiki.png","width":1248,"height":326,"caption":"Digital Days"},"image":{"@id":"https:\/\/digitaldays.com\/fr\/#\/schema\/logo\/image\/"},"sameAs":["https:\/\/www.facebook.com\/digitaldaysinc\/","https:\/\/x.com\/digitaldays","https:\/\/www.instagram.com\/digitaldays\/","https:\/\/www.linkedin.com\/company\/digital-days-inc"]}]}},"_links":{"self":[{"href":"https:\/\/digitaldays.com\/fr\/wp-json\/wp\/v2\/pages\/1457","targetHints":{"allow":["GET"]}}],"collection":[{"href":"https:\/\/digitaldays.com\/fr\/wp-json\/wp\/v2\/pages"}],"about":[{"href":"https:\/\/digitaldays.com\/fr\/wp-json\/wp\/v2\/types\/page"}],"author":[{"embeddable":true,"href":"https:\/\/digitaldays.com\/fr\/wp-json\/wp\/v2\/users\/1"}],"replies":[{"embeddable":true,"href":"https:\/\/digitaldays.com\/fr\/wp-json\/wp\/v2\/comments?post=1457"}],"version-history":[{"count":7,"href":"https:\/\/digitaldays.com\/fr\/wp-json\/wp\/v2\/pages\/1457\/revisions"}],"predecessor-version":[{"id":1729,"href":"https:\/\/digitaldays.com\/fr\/wp-json\/wp\/v2\/pages\/1457\/revisions\/1729"}],"wp:attachment":[{"href":"https:\/\/digitaldays.com\/fr\/wp-json\/wp\/v2\/media?parent=1457"}],"curies":[{"name":"wp","href":"https:\/\/api.w.org\/{rel}","templated":true}]}}