{"id":1460,"date":"2020-02-09T13:57:40","date_gmt":"2020-02-09T18:57:40","guid":{"rendered":"https:\/\/digitaldays.com\/cloud-prive\/"},"modified":"2022-06-29T17:29:18","modified_gmt":"2022-06-29T21:29:18","slug":"cloud-prive","status":"publish","type":"page","link":"https:\/\/digitaldays.com\/fr\/cloud-prive\/","title":{"rendered":"Cloud priv\u00e9"},"content":{"rendered":"<p>[et_pb_section fb_built=\u00a0\u00bb1&Prime; _builder_version=\u00a0\u00bb3.22&Prime; custom_margin=\u00a0\u00bb|||\u00a0\u00bb custom_padding=\u00a0\u00bb0px||0px|\u00a0\u00bb][et_pb_row _builder_version=\u00a0\u00bb3.25&Prime; background_image=\u00a0\u00bbhttps:\/\/digitaldays.com\/wp-content\/uploads\/2018\/01\/iStock-663622596.jpg\u00a0\u00bb width=\u00a0\u00bb100%\u00a0\u00bb max_width=\u00a0\u00bb100%\u00a0\u00bb custom_margin=\u00a0\u00bb0px||0px|\u00a0\u00bb custom_padding=\u00a0\u00bb0px||0px|\u00a0\u00bb use_custom_width=\u00a0\u00bbon\u00a0\u00bb width_unit=\u00a0\u00bboff\u00a0\u00bb custom_width_percent=\u00a0\u00bb100%\u00a0\u00bb][et_pb_column type=\u00a0\u00bb4_4&Prime; _builder_version=\u00a0\u00bb3.25&Prime; custom_padding=\u00a0\u00bb0px||0px|\u00a0\u00bb custom_padding__hover=\u00a0\u00bb|||\u00a0\u00bb][et_pb_text _builder_version=\u00a0\u00bb3.27.4&Prime; text_font=\u00a0\u00bb|600|||||||\u00a0\u00bb header_font=\u00a0\u00bb|600|||||||\u00a0\u00bb header_line_height=\u00a0\u00bb3em\u00a0\u00bb background_layout=\u00a0\u00bbdark\u00a0\u00bb max_width=\u00a0\u00bb1050px\u00a0\u00bb module_alignment=\u00a0\u00bbcenter\u00a0\u00bb custom_margin=\u00a0\u00bb0px||0px|\u00a0\u00bb custom_padding=\u00a0\u00bb10px||0px|\u00a0\u00bb]<\/p>\n<h1 style=\"text-align: left;\">Cloud priv\u00e9<\/h1>\n<p>[\/et_pb_text][\/et_pb_column][\/et_pb_row][et_pb_row _builder_version=\u00a0\u00bb3.25&Prime; background_size=\u00a0\u00bbinitial\u00a0\u00bb background_position=\u00a0\u00bbtop_left\u00a0\u00bb background_repeat=\u00a0\u00bbrepeat\u00a0\u00bb width=\u00a0\u00bb100%\u00a0\u00bb max_width=\u00a0\u00bb100%\u00a0\u00bb custom_margin=\u00a0\u00bb|||\u00a0\u00bb custom_padding=\u00a0\u00bb0px||0px|\u00a0\u00bb filter_saturate=\u00a0\u00bb109%\u00a0\u00bb use_custom_width=\u00a0\u00bbon\u00a0\u00bb width_unit=\u00a0\u00bboff\u00a0\u00bb custom_width_percent=\u00a0\u00bb100%\u00a0\u00bb][et_pb_column type=\u00a0\u00bb4_4&Prime; _builder_version=\u00a0\u00bb3.25&Prime; custom_padding=\u00a0\u00bb|||\u00a0\u00bb custom_padding__hover=\u00a0\u00bb|||\u00a0\u00bb][et_pb_slider show_arrows=\u00a0\u00bboff\u00a0\u00bb show_pagination=\u00a0\u00bboff\u00a0\u00bb _builder_version=\u00a0\u00bb4.4.0&Prime; background_image=\u00a0\u00bbhttps:\/\/digitaldays.com\/wp-content\/uploads\/2018\/01\/iStock-638041564.jpg\u00a0\u00bb custom_margin=\u00a0\u00bb|||\u00a0\u00bb custom_margin_last_edited=\u00a0\u00bboff|desktop\u00a0\u00bb custom_padding=\u00a0\u00bb|||\u00a0\u00bb hover_enabled=\u00a0\u00bb0&Prime; box_shadow_style=\u00a0\u00bbpreset6&Prime; box_shadow_blur=\u00a0\u00bb10px\u00a0\u00bb box_shadow_color=\u00a0\u00bbrgba(0,0,0,0.1)\u00a0\u00bb button_text_size__hover_enabled=\u00a0\u00bboff\u00a0\u00bb button_one_text_size__hover_enabled=\u00a0\u00bboff\u00a0\u00bb button_two_text_size__hover_enabled=\u00a0\u00bboff\u00a0\u00bb button_text_color__hover_enabled=\u00a0\u00bboff\u00a0\u00bb button_one_text_color__hover_enabled=\u00a0\u00bboff\u00a0\u00bb button_two_text_color__hover_enabled=\u00a0\u00bboff\u00a0\u00bb button_border_width__hover_enabled=\u00a0\u00bboff\u00a0\u00bb button_one_border_width__hover_enabled=\u00a0\u00bboff\u00a0\u00bb button_two_border_width__hover_enabled=\u00a0\u00bboff\u00a0\u00bb button_border_color__hover_enabled=\u00a0\u00bboff\u00a0\u00bb button_one_border_color__hover_enabled=\u00a0\u00bboff\u00a0\u00bb button_two_border_color__hover_enabled=\u00a0\u00bboff\u00a0\u00bb button_border_radius__hover_enabled=\u00a0\u00bboff\u00a0\u00bb button_one_border_radius__hover_enabled=\u00a0\u00bboff\u00a0\u00bb button_two_border_radius__hover_enabled=\u00a0\u00bboff\u00a0\u00bb button_letter_spacing__hover_enabled=\u00a0\u00bboff\u00a0\u00bb button_one_letter_spacing__hover_enabled=\u00a0\u00bboff\u00a0\u00bb button_two_letter_spacing__hover_enabled=\u00a0\u00bboff\u00a0\u00bb button_bg_color__hover_enabled=\u00a0\u00bboff\u00a0\u00bb button_one_bg_color__hover_enabled=\u00a0\u00bboff\u00a0\u00bb button_two_bg_color__hover_enabled=\u00a0\u00bboff\u00a0\u00bb][et_pb_slide heading=\u00a0\u00bbContr\u00f4lez votre nuage.\u00a0\u00bb button_text=\u00a0\u00bbContacter les ventes\u00a0\u00bb button_link=\u00a0\u00bbhttps:\/\/digitaldays.com\/fr\/?page_id=1457&Prime; _builder_version=\u00a0\u00bb4.4.0&Prime; header_font=\u00a0\u00bb|600|||||||\u00a0\u00bb body_font=\u00a0\u00bb||||||||\u00a0\u00bb background_color=\u00a0\u00bb#ffffff\u00a0\u00bb custom_padding=\u00a0\u00bb|||\u00a0\u00bb hover_enabled=\u00a0\u00bb0&Prime; button_text_size__hover_enabled=\u00a0\u00bboff\u00a0\u00bb button_one_text_size__hover_enabled=\u00a0\u00bboff\u00a0\u00bb button_two_text_size__hover_enabled=\u00a0\u00bboff\u00a0\u00bb button_text_color__hover_enabled=\u00a0\u00bboff\u00a0\u00bb button_one_text_color__hover_enabled=\u00a0\u00bboff\u00a0\u00bb button_two_text_color__hover_enabled=\u00a0\u00bboff\u00a0\u00bb button_border_width__hover_enabled=\u00a0\u00bboff\u00a0\u00bb button_one_border_width__hover_enabled=\u00a0\u00bboff\u00a0\u00bb button_two_border_width__hover_enabled=\u00a0\u00bboff\u00a0\u00bb button_border_color__hover_enabled=\u00a0\u00bboff\u00a0\u00bb button_one_border_color__hover_enabled=\u00a0\u00bboff\u00a0\u00bb button_two_border_color__hover_enabled=\u00a0\u00bboff\u00a0\u00bb button_border_radius__hover_enabled=\u00a0\u00bboff\u00a0\u00bb button_one_border_radius__hover_enabled=\u00a0\u00bboff\u00a0\u00bb button_two_border_radius__hover_enabled=\u00a0\u00bboff\u00a0\u00bb button_letter_spacing__hover_enabled=\u00a0\u00bboff\u00a0\u00bb button_one_letter_spacing__hover_enabled=\u00a0\u00bboff\u00a0\u00bb button_two_letter_spacing__hover_enabled=\u00a0\u00bboff\u00a0\u00bb button_bg_color__hover_enabled=\u00a0\u00bboff\u00a0\u00bb button_one_bg_color__hover_enabled=\u00a0\u00bboff\u00a0\u00bb button_two_bg_color__hover_enabled=\u00a0\u00bboff\u00a0\u00bb header_text_shadow_style=\u00a0\u00bbpreset3&Prime; header_text_shadow_blur_strength=\u00a0\u00bb0.7em\u00a0\u00bb header_text_shadow_color=\u00a0\u00bb#000000&Prime; body_text_shadow_style=\u00a0\u00bbpreset3&Prime; body_text_shadow_blur_strength=\u00a0\u00bb0.7em\u00a0\u00bb body_text_shadow_color=\u00a0\u00bb#000000&Prime;]La propri\u00e9t\u00e9 et le contr\u00f4le des co\u00fbts dans le nuage sont facilit\u00e9s.[\/et_pb_slide][\/et_pb_slider][\/et_pb_column][\/et_pb_row][et_pb_row _builder_version=\u00a0\u00bb4.3.2&Prime;][et_pb_column type=\u00a0\u00bb4_4&Prime; _builder_version=\u00a0\u00bb4.3.2&Prime;][et_pb_text _builder_version=\u00a0\u00bb4.3.2&Prime;][\/et_pb_text][\/et_pb_column][\/et_pb_row][et_pb_row column_structure=\u00a0\u00bb1_2,1_2&Prime; _builder_version=\u00a0\u00bb4.4.0&Prime; hover_enabled=\u00a0\u00bb0&Prime;][et_pb_column type=\u00a0\u00bb1_2&Prime; _builder_version=\u00a0\u00bb4.3.2&Prime;][et_pb_image src=\u00a0\u00bbhttps:\/\/digitaldays.com\/wp-content\/uploads\/2020\/02\/iStock-1169711486-scaled.jpg\u00a0\u00bb _builder_version=\u00a0\u00bb4.4.0&Prime; hover_enabled=\u00a0\u00bb0&Prime;][\/et_pb_image][\/et_pb_column][et_pb_column type=\u00a0\u00bb1_2&Prime; _builder_version=\u00a0\u00bb4.3.2&Prime;][et_pb_text _builder_version=\u00a0\u00bb4.3.2&Prime; custom_margin=\u00a0\u00bb||11px|||\u00a0\u00bb custom_padding=\u00a0\u00bb||0px||false|false\u00a0\u00bb]<\/p>\n<h2 class=\"sub-header subpage-header__sub-head color--white\">Tous les avantages de l&rsquo;informatique d\u00e9mat\u00e9rialis\u00e9e,<br \/>de mani\u00e8re rentable et adapt\u00e9e \u00e0 vos besoins.<\/h2>\n<p>[\/et_pb_text][et_pb_text _builder_version=\u00a0\u00bb4.3.2&Prime;]<\/p>\n<p><span>Transformez de mani\u00e8re rentable une infrastructure sur site vieillissante en une architecture d\u00e9di\u00e9e, s\u00e9curis\u00e9e, flexible et \u00e9volutive gr\u00e2ce aux solutions de cloud priv\u00e9 de Digital Days.<\/span><\/p>\n<p>Exploitez la m\u00eame technologie que celle utilis\u00e9e par nos clients du secteur du capital-investissement pour approvisionner et augmenter instantan\u00e9ment les nouveaux investissements, ce qui leur permet de transformer de mani\u00e8re rentable les acquisitions en environnements hautement performants, enti\u00e8rement redondants et conformes, tout en continuant \u00e0 prendre en charge les applications existantes.<span><\/span><\/p>\n<p><span><\/span><\/p>\n<p>[\/et_pb_text][\/et_pb_column][\/et_pb_row][et_pb_row column_structure=\u00a0\u00bb1_2,1_2&Prime; _builder_version=\u00a0\u00bb4.3.2&Prime;][et_pb_column type=\u00a0\u00bb1_2&Prime; _builder_version=\u00a0\u00bb4.3.2&Prime;][et_pb_text _builder_version=\u00a0\u00bb4.3.2&Prime; custom_margin=\u00a0\u00bb||12px|||\u00a0\u00bb hover_enabled=\u00a0\u00bb0&Prime;]<\/p>\n<h1>La solution instantan\u00e9e d&rsquo;infrastructure de classe entreprise<\/h1>\n<p>[\/et_pb_text][et_pb_text _builder_version=\u00a0\u00bb4.3.2&Prime;]<\/p>\n<p>Le nuage priv\u00e9 Digital Days permet aux entreprises et aux cliniques de passer instantan\u00e9ment de syst\u00e8mes et d&rsquo;architectures r\u00e9seau anciens et non pris en charge \u00e0 une infrastructure de nuage priv\u00e9 de pointe fonctionnant dans des environnements conformes aux normes SOC et \u00e9quip\u00e9s de r\u00e9seaux 10 Gbps pour les r\u00e9seaux interserveurs et de stockage, de disques SSD virtualis\u00e9s de diff\u00e9rents niveaux RAID et de stockage intelligent, ainsi que de redondance \u00e0 tous les niveaux.<\/p>\n<p>Nos solutions de cloud priv\u00e9 sont les environnements d\u00e9di\u00e9s les plus rentables pour le march\u00e9 des PME aujourd&rsquo;hui.<\/p>\n<p>&nbsp;<\/p>\n<p>[\/et_pb_text][\/et_pb_column][et_pb_column type=\u00a0\u00bb1_2&Prime; _builder_version=\u00a0\u00bb4.3.2&Prime;][et_pb_image src=\u00a0\u00bbhttps:\/\/digitaldays.com\/wp-content\/uploads\/2018\/01\/iStock-899720520.jpg\u00a0\u00bb _builder_version=\u00a0\u00bb4.4.0&Prime; hover_enabled=\u00a0\u00bb0&Prime;][\/et_pb_image][\/et_pb_column][\/et_pb_row][et_pb_row column_structure=\u00a0\u00bb1_2,1_2&Prime; _builder_version=\u00a0\u00bb4.4.0&Prime; hover_enabled=\u00a0\u00bb0&Prime; locked=\u00a0\u00bboff\u00a0\u00bb][et_pb_column type=\u00a0\u00bb1_2&Prime; _builder_version=\u00a0\u00bb4.3.2&Prime;][et_pb_image src=\u00a0\u00bbhttps:\/\/digitaldays.com\/wp-content\/uploads\/2020\/02\/iStock-516176306-scaled.jpg\u00a0\u00bb _builder_version=\u00a0\u00bb4.4.0&Prime; hover_enabled=\u00a0\u00bb0&Prime; custom_padding=\u00a0\u00bb||0px|||\u00a0\u00bb min_height=\u00a0\u00bb241px\u00a0\u00bb][\/et_pb_image][\/et_pb_column][et_pb_column type=\u00a0\u00bb1_2&Prime; _builder_version=\u00a0\u00bb4.3.2&Prime;][et_pb_text _builder_version=\u00a0\u00bb4.3.2&Prime; custom_margin=\u00a0\u00bb||11px|||\u00a0\u00bb custom_padding=\u00a0\u00bb||0px||false|false\u00a0\u00bb]<\/p>\n<h2 class=\"sub-header subpage-header__sub-head color--white\">Services g\u00e9r\u00e9s et surveillance<\/h2>\n<p>[\/et_pb_text][et_pb_text _builder_version=\u00a0\u00bb4.3.2&Prime;]<\/p>\n<p>Combinaison gagnante, notre offre de services g\u00e9r\u00e9s peut am\u00e9liorer votre investissement dans le cloud priv\u00e9 en vous faisant b\u00e9n\u00e9ficier de notre expertise en mati\u00e8re de gestion et d&rsquo;architecture des syst\u00e8mes ainsi que de services de surveillance et d&rsquo;intervention 24 heures sur 24, 7 jours sur 7 et 365 jours par an, pour une tranquillit\u00e9 d&rsquo;esprit absolue.<\/p>\n<p>Contactez notre service commercial d\u00e8s aujourd&rsquo;hui pour d\u00e9couvrir comment Digital Days peut \u00eatre votre interlocuteur unique pour le d\u00e9ploiement de votre Cloud priv\u00e9.<\/p>\n<p>Prot\u00e9gez votre entreprise contre le virus COVIT-19 Corona en tirant parti des solutions de cloud computing et des services g\u00e9r\u00e9s de Digital Days pour faire en sorte que votre personnel distant puisse continuer \u00e0 rester connect\u00e9 et productif pendant les p\u00e9riodes difficiles.<\/p>\n<p>Contactez notre \u00e9quipe de vente d\u00e8s aujourd&rsquo;hui pour savoir comment notre \u00e9quipe peut devenir la v\u00f4tre !<\/p>\n<p><span><\/span><\/p>\n<p>[\/et_pb_text][\/et_pb_column][\/et_pb_row][et_pb_row _builder_version=\u00a0\u00bb4.3.2&Prime;][et_pb_column type=\u00a0\u00bb4_4&Prime; _builder_version=\u00a0\u00bb4.3.2&Prime;][et_pb_text _builder_version=\u00a0\u00bb4.3.2&Prime;][\/et_pb_text][\/et_pb_column][\/et_pb_row][et_pb_row _builder_version=\u00a0\u00bb3.25&Prime; width=\u00a0\u00bb100%\u00a0\u00bb max_width=\u00a0\u00bb100%\u00a0\u00bb custom_margin=\u00a0\u00bb|||\u00a0\u00bb custom_padding=\u00a0\u00bb0px||0px|\u00a0\u00bb use_custom_width=\u00a0\u00bbon\u00a0\u00bb width_unit=\u00a0\u00bboff\u00a0\u00bb custom_width_percent=\u00a0\u00bb100%\u00a0\u00bb][et_pb_column type=\u00a0\u00bb4_4&Prime; _builder_version=\u00a0\u00bb3.25&Prime; custom_padding=\u00a0\u00bb|||\u00a0\u00bb custom_padding__hover=\u00a0\u00bb|||\u00a0\u00bb][et_pb_cta title=\u00a0\u00bbSolutions de colocation priv\u00e9e\u00a0\u00bb button_url=\u00a0\u00bbhttps:\/\/digitaldays.com\/fr\/colocation-privee\/\u00a0\u00bb button_text=\u00a0\u00bbNe cherchez pas plus loin\u00a0\u00bb _builder_version=\u00a0\u00bb3.16&Prime; button_text_size__hover_enabled=\u00a0\u00bboff\u00a0\u00bb button_one_text_size__hover_enabled=\u00a0\u00bboff\u00a0\u00bb button_two_text_size__hover_enabled=\u00a0\u00bboff\u00a0\u00bb button_text_color__hover_enabled=\u00a0\u00bboff\u00a0\u00bb button_one_text_color__hover_enabled=\u00a0\u00bboff\u00a0\u00bb button_two_text_color__hover_enabled=\u00a0\u00bboff\u00a0\u00bb button_border_width__hover_enabled=\u00a0\u00bboff\u00a0\u00bb button_one_border_width__hover_enabled=\u00a0\u00bboff\u00a0\u00bb button_two_border_width__hover_enabled=\u00a0\u00bboff\u00a0\u00bb button_border_color__hover_enabled=\u00a0\u00bboff\u00a0\u00bb button_one_border_color__hover_enabled=\u00a0\u00bboff\u00a0\u00bb button_two_border_color__hover_enabled=\u00a0\u00bboff\u00a0\u00bb button_border_radius__hover_enabled=\u00a0\u00bboff\u00a0\u00bb button_one_border_radius__hover_enabled=\u00a0\u00bboff\u00a0\u00bb button_two_border_radius__hover_enabled=\u00a0\u00bboff\u00a0\u00bb button_letter_spacing__hover_enabled=\u00a0\u00bboff\u00a0\u00bb button_one_letter_spacing__hover_enabled=\u00a0\u00bboff\u00a0\u00bb button_two_letter_spacing__hover_enabled=\u00a0\u00bboff\u00a0\u00bb button_bg_color__hover_enabled=\u00a0\u00bboff\u00a0\u00bb button_one_bg_color__hover_enabled=\u00a0\u00bboff\u00a0\u00bb button_two_bg_color__hover_enabled=\u00a0\u00bboff\u00a0\u00bb]Vous recherchez une colocation priv\u00e9e avec un acc\u00e8s en libre-service au centre de donn\u00e9es ?<br \/>\n[\/et_pb_cta][\/et_pb_column][\/et_pb_row][\/et_pb_section]<\/p>\n","protected":false},"excerpt":{"rendered":"<p>Cloud priv\u00e9La propri\u00e9t\u00e9 et le contr\u00f4le des co\u00fbts dans le nuage sont facilit\u00e9s.Tous les avantages de l&rsquo;informatique d\u00e9mat\u00e9rialis\u00e9e,de mani\u00e8re rentable et adapt\u00e9e \u00e0 vos besoins.Transformez de mani\u00e8re rentable une infrastructure sur site vieillissante en une architecture d\u00e9di\u00e9e, s\u00e9curis\u00e9e, flexible et \u00e9volutive gr\u00e2ce aux solutions de cloud priv\u00e9 de Digital Days. Exploitez la m\u00eame technologie que [&hellip;]<\/p>\n","protected":false},"author":1,"featured_media":0,"parent":0,"menu_order":0,"comment_status":"closed","ping_status":"closed","template":"","meta":{"_et_pb_use_builder":"on","_et_pb_old_content":"","_et_gb_content_width":"","footnotes":""},"class_list":["post-1460","page","type-page","status-publish","hentry"],"yoast_head":"<!-- This site is optimized with the Yoast SEO plugin v27.4 - https:\/\/yoast.com\/product\/yoast-seo-wordpress\/ -->\n<title>Cloud priv\u00e9 - Digital Days Inc<\/title>\n<meta name=\"robots\" content=\"index, follow, max-snippet:-1, max-image-preview:large, max-video-preview:-1\" \/>\n<link rel=\"canonical\" href=\"https:\/\/digitaldays.com\/fr\/cloud-prive\/\" \/>\n<meta property=\"og:locale\" content=\"fr_FR\" \/>\n<meta property=\"og:type\" content=\"article\" \/>\n<meta property=\"og:title\" content=\"Cloud priv\u00e9 - Digital Days Inc\" \/>\n<meta property=\"og:description\" content=\"Cloud priv\u00e9La propri\u00e9t\u00e9 et le contr\u00f4le des co\u00fbts dans le nuage sont facilit\u00e9s.Tous les avantages de l&#039;informatique d\u00e9mat\u00e9rialis\u00e9e,de mani\u00e8re rentable et adapt\u00e9e \u00e0 vos besoins.Transformez de mani\u00e8re rentable une infrastructure sur site vieillissante en une architecture d\u00e9di\u00e9e, s\u00e9curis\u00e9e, flexible et \u00e9volutive gr\u00e2ce aux solutions de cloud priv\u00e9 de Digital Days. Exploitez la m\u00eame technologie que [&hellip;]\" \/>\n<meta property=\"og:url\" content=\"https:\/\/digitaldays.com\/fr\/cloud-prive\/\" \/>\n<meta property=\"og:site_name\" content=\"Digital Days Inc\" \/>\n<meta property=\"article:publisher\" content=\"https:\/\/www.facebook.com\/digitaldaysinc\/\" \/>\n<meta property=\"article:modified_time\" content=\"2022-06-29T21:29:18+00:00\" \/>\n<meta name=\"twitter:card\" content=\"summary_large_image\" \/>\n<meta name=\"twitter:site\" content=\"@digitaldays\" \/>\n<meta name=\"twitter:label1\" content=\"Dur\u00e9e de lecture estim\u00e9e\" \/>\n\t<meta name=\"twitter:data1\" content=\"7 minutes\" \/>\n<script type=\"application\/ld+json\" class=\"yoast-schema-graph\">{\"@context\":\"https:\\\/\\\/schema.org\",\"@graph\":[{\"@type\":\"WebPage\",\"@id\":\"https:\\\/\\\/digitaldays.com\\\/fr\\\/cloud-prive\\\/\",\"url\":\"https:\\\/\\\/digitaldays.com\\\/fr\\\/cloud-prive\\\/\",\"name\":\"Cloud priv\u00e9 - Digital Days Inc\",\"isPartOf\":{\"@id\":\"https:\\\/\\\/digitaldays.com\\\/fr\\\/#website\"},\"datePublished\":\"2020-02-09T18:57:40+00:00\",\"dateModified\":\"2022-06-29T21:29:18+00:00\",\"breadcrumb\":{\"@id\":\"https:\\\/\\\/digitaldays.com\\\/fr\\\/cloud-prive\\\/#breadcrumb\"},\"inLanguage\":\"fr-FR\",\"potentialAction\":[{\"@type\":\"ReadAction\",\"target\":[\"https:\\\/\\\/digitaldays.com\\\/fr\\\/cloud-prive\\\/\"]}]},{\"@type\":\"BreadcrumbList\",\"@id\":\"https:\\\/\\\/digitaldays.com\\\/fr\\\/cloud-prive\\\/#breadcrumb\",\"itemListElement\":[{\"@type\":\"ListItem\",\"position\":1,\"name\":\"Home\",\"item\":\"https:\\\/\\\/digitaldays.com\\\/fr\\\/\"},{\"@type\":\"ListItem\",\"position\":2,\"name\":\"Cloud priv\u00e9\"}]},{\"@type\":\"WebSite\",\"@id\":\"https:\\\/\\\/digitaldays.com\\\/fr\\\/#website\",\"url\":\"https:\\\/\\\/digitaldays.com\\\/fr\\\/\",\"name\":\"Digital Days Managed IT\",\"description\":\"Managed IT Services\",\"publisher\":{\"@id\":\"https:\\\/\\\/digitaldays.com\\\/fr\\\/#organization\"},\"potentialAction\":[{\"@type\":\"SearchAction\",\"target\":{\"@type\":\"EntryPoint\",\"urlTemplate\":\"https:\\\/\\\/digitaldays.com\\\/fr\\\/?s={search_term_string}\"},\"query-input\":{\"@type\":\"PropertyValueSpecification\",\"valueRequired\":true,\"valueName\":\"search_term_string\"}}],\"inLanguage\":\"fr-FR\"},{\"@type\":\"Organization\",\"@id\":\"https:\\\/\\\/digitaldays.com\\\/fr\\\/#organization\",\"name\":\"Digital Days\",\"url\":\"https:\\\/\\\/digitaldays.com\\\/fr\\\/\",\"logo\":{\"@type\":\"ImageObject\",\"inLanguage\":\"fr-FR\",\"@id\":\"https:\\\/\\\/digitaldays.com\\\/fr\\\/#\\\/schema\\\/logo\\\/image\\\/\",\"url\":\"https:\\\/\\\/digitaldays.com\\\/wp-content\\\/uploads\\\/2017\\\/10\\\/digitaldays_logo_2017_wiki.png\",\"contentUrl\":\"https:\\\/\\\/digitaldays.com\\\/wp-content\\\/uploads\\\/2017\\\/10\\\/digitaldays_logo_2017_wiki.png\",\"width\":1248,\"height\":326,\"caption\":\"Digital Days\"},\"image\":{\"@id\":\"https:\\\/\\\/digitaldays.com\\\/fr\\\/#\\\/schema\\\/logo\\\/image\\\/\"},\"sameAs\":[\"https:\\\/\\\/www.facebook.com\\\/digitaldaysinc\\\/\",\"https:\\\/\\\/x.com\\\/digitaldays\",\"https:\\\/\\\/www.instagram.com\\\/digitaldays\\\/\",\"https:\\\/\\\/www.linkedin.com\\\/company\\\/digital-days-inc\"]}]}<\/script>\n<!-- \/ Yoast SEO plugin. -->","yoast_head_json":{"title":"Cloud priv\u00e9 - Digital Days Inc","robots":{"index":"index","follow":"follow","max-snippet":"max-snippet:-1","max-image-preview":"max-image-preview:large","max-video-preview":"max-video-preview:-1"},"canonical":"https:\/\/digitaldays.com\/fr\/cloud-prive\/","og_locale":"fr_FR","og_type":"article","og_title":"Cloud priv\u00e9 - Digital Days Inc","og_description":"Cloud priv\u00e9La propri\u00e9t\u00e9 et le contr\u00f4le des co\u00fbts dans le nuage sont facilit\u00e9s.Tous les avantages de l'informatique d\u00e9mat\u00e9rialis\u00e9e,de mani\u00e8re rentable et adapt\u00e9e \u00e0 vos besoins.Transformez de mani\u00e8re rentable une infrastructure sur site vieillissante en une architecture d\u00e9di\u00e9e, s\u00e9curis\u00e9e, flexible et \u00e9volutive gr\u00e2ce aux solutions de cloud priv\u00e9 de Digital Days. Exploitez la m\u00eame technologie que [&hellip;]","og_url":"https:\/\/digitaldays.com\/fr\/cloud-prive\/","og_site_name":"Digital Days Inc","article_publisher":"https:\/\/www.facebook.com\/digitaldaysinc\/","article_modified_time":"2022-06-29T21:29:18+00:00","twitter_card":"summary_large_image","twitter_site":"@digitaldays","twitter_misc":{"Dur\u00e9e de lecture estim\u00e9e":"7 minutes"},"schema":{"@context":"https:\/\/schema.org","@graph":[{"@type":"WebPage","@id":"https:\/\/digitaldays.com\/fr\/cloud-prive\/","url":"https:\/\/digitaldays.com\/fr\/cloud-prive\/","name":"Cloud priv\u00e9 - Digital Days Inc","isPartOf":{"@id":"https:\/\/digitaldays.com\/fr\/#website"},"datePublished":"2020-02-09T18:57:40+00:00","dateModified":"2022-06-29T21:29:18+00:00","breadcrumb":{"@id":"https:\/\/digitaldays.com\/fr\/cloud-prive\/#breadcrumb"},"inLanguage":"fr-FR","potentialAction":[{"@type":"ReadAction","target":["https:\/\/digitaldays.com\/fr\/cloud-prive\/"]}]},{"@type":"BreadcrumbList","@id":"https:\/\/digitaldays.com\/fr\/cloud-prive\/#breadcrumb","itemListElement":[{"@type":"ListItem","position":1,"name":"Home","item":"https:\/\/digitaldays.com\/fr\/"},{"@type":"ListItem","position":2,"name":"Cloud priv\u00e9"}]},{"@type":"WebSite","@id":"https:\/\/digitaldays.com\/fr\/#website","url":"https:\/\/digitaldays.com\/fr\/","name":"Digital Days Managed IT","description":"Managed IT Services","publisher":{"@id":"https:\/\/digitaldays.com\/fr\/#organization"},"potentialAction":[{"@type":"SearchAction","target":{"@type":"EntryPoint","urlTemplate":"https:\/\/digitaldays.com\/fr\/?s={search_term_string}"},"query-input":{"@type":"PropertyValueSpecification","valueRequired":true,"valueName":"search_term_string"}}],"inLanguage":"fr-FR"},{"@type":"Organization","@id":"https:\/\/digitaldays.com\/fr\/#organization","name":"Digital Days","url":"https:\/\/digitaldays.com\/fr\/","logo":{"@type":"ImageObject","inLanguage":"fr-FR","@id":"https:\/\/digitaldays.com\/fr\/#\/schema\/logo\/image\/","url":"https:\/\/digitaldays.com\/wp-content\/uploads\/2017\/10\/digitaldays_logo_2017_wiki.png","contentUrl":"https:\/\/digitaldays.com\/wp-content\/uploads\/2017\/10\/digitaldays_logo_2017_wiki.png","width":1248,"height":326,"caption":"Digital Days"},"image":{"@id":"https:\/\/digitaldays.com\/fr\/#\/schema\/logo\/image\/"},"sameAs":["https:\/\/www.facebook.com\/digitaldaysinc\/","https:\/\/x.com\/digitaldays","https:\/\/www.instagram.com\/digitaldays\/","https:\/\/www.linkedin.com\/company\/digital-days-inc"]}]}},"_links":{"self":[{"href":"https:\/\/digitaldays.com\/fr\/wp-json\/wp\/v2\/pages\/1460","targetHints":{"allow":["GET"]}}],"collection":[{"href":"https:\/\/digitaldays.com\/fr\/wp-json\/wp\/v2\/pages"}],"about":[{"href":"https:\/\/digitaldays.com\/fr\/wp-json\/wp\/v2\/types\/page"}],"author":[{"embeddable":true,"href":"https:\/\/digitaldays.com\/fr\/wp-json\/wp\/v2\/users\/1"}],"replies":[{"embeddable":true,"href":"https:\/\/digitaldays.com\/fr\/wp-json\/wp\/v2\/comments?post=1460"}],"version-history":[{"count":4,"href":"https:\/\/digitaldays.com\/fr\/wp-json\/wp\/v2\/pages\/1460\/revisions"}],"predecessor-version":[{"id":1616,"href":"https:\/\/digitaldays.com\/fr\/wp-json\/wp\/v2\/pages\/1460\/revisions\/1616"}],"wp:attachment":[{"href":"https:\/\/digitaldays.com\/fr\/wp-json\/wp\/v2\/media?parent=1460"}],"curies":[{"name":"wp","href":"https:\/\/api.w.org\/{rel}","templated":true}]}}