{"id":1464,"date":"2020-02-09T13:53:30","date_gmt":"2020-02-09T18:53:30","guid":{"rendered":"https:\/\/digitaldays.com\/cloud-public-et-hybride\/"},"modified":"2022-06-29T17:29:18","modified_gmt":"2022-06-29T21:29:18","slug":"cloud-public-et-hybride","status":"publish","type":"page","link":"https:\/\/digitaldays.com\/fr\/cloud-public-et-hybride\/","title":{"rendered":"Cloud public et hybride"},"content":{"rendered":"<p>[et_pb_section fb_built=\u00a0\u00bb1&Prime; _builder_version=\u00a0\u00bb3.22&Prime; custom_margin=\u00a0\u00bb|||\u00a0\u00bb custom_padding=\u00a0\u00bb0px||0px|\u00a0\u00bb][et_pb_row _builder_version=\u00a0\u00bb3.25&Prime; background_image=\u00a0\u00bbhttps:\/\/digitaldays.com\/wp-content\/uploads\/2018\/01\/iStock-663622596.jpg\u00a0\u00bb width=\u00a0\u00bb100%\u00a0\u00bb max_width=\u00a0\u00bb100%\u00a0\u00bb custom_margin=\u00a0\u00bb0px||0px|\u00a0\u00bb custom_padding=\u00a0\u00bb0px||0px|\u00a0\u00bb use_custom_width=\u00a0\u00bbon\u00a0\u00bb width_unit=\u00a0\u00bboff\u00a0\u00bb custom_width_percent=\u00a0\u00bb100%\u00a0\u00bb][et_pb_column type=\u00a0\u00bb4_4&Prime; _builder_version=\u00a0\u00bb3.25&Prime; custom_padding=\u00a0\u00bb0px||0px|\u00a0\u00bb custom_padding__hover=\u00a0\u00bb|||\u00a0\u00bb][et_pb_text _builder_version=\u00a0\u00bb3.27.4&Prime; text_font=\u00a0\u00bb|600|||||||\u00a0\u00bb header_font=\u00a0\u00bb|600|||||||\u00a0\u00bb header_line_height=\u00a0\u00bb3em\u00a0\u00bb background_layout=\u00a0\u00bbdark\u00a0\u00bb max_width=\u00a0\u00bb1050px\u00a0\u00bb module_alignment=\u00a0\u00bbcenter\u00a0\u00bb custom_margin=\u00a0\u00bb0px||0px|\u00a0\u00bb custom_padding=\u00a0\u00bb10px||0px|\u00a0\u00bb]<\/p>\n<h1 style=\"text-align: left;\">Cloud public et hybride<\/h1>\n<p>[\/et_pb_text][\/et_pb_column][\/et_pb_row][et_pb_row _builder_version=\u00a0\u00bb3.25&Prime; background_size=\u00a0\u00bbinitial\u00a0\u00bb background_position=\u00a0\u00bbtop_left\u00a0\u00bb background_repeat=\u00a0\u00bbrepeat\u00a0\u00bb width=\u00a0\u00bb100%\u00a0\u00bb max_width=\u00a0\u00bb100%\u00a0\u00bb custom_margin=\u00a0\u00bb|||\u00a0\u00bb custom_padding=\u00a0\u00bb0px||0px|\u00a0\u00bb filter_saturate=\u00a0\u00bb109%\u00a0\u00bb use_custom_width=\u00a0\u00bbon\u00a0\u00bb width_unit=\u00a0\u00bboff\u00a0\u00bb custom_width_percent=\u00a0\u00bb100%\u00a0\u00bb][et_pb_column type=\u00a0\u00bb4_4&Prime; _builder_version=\u00a0\u00bb3.25&Prime; custom_padding=\u00a0\u00bb|||\u00a0\u00bb custom_padding__hover=\u00a0\u00bb|||\u00a0\u00bb][et_pb_slider show_arrows=\u00a0\u00bboff\u00a0\u00bb show_pagination=\u00a0\u00bboff\u00a0\u00bb _builder_version=\u00a0\u00bb4.3.2&Prime; background_image=\u00a0\u00bbhttps:\/\/digitaldays.com\/wp-content\/uploads\/2020\/02\/iStock-1151621425-scaled.jpg\u00a0\u00bb custom_margin=\u00a0\u00bb|||\u00a0\u00bb custom_margin_last_edited=\u00a0\u00bboff|desktop\u00a0\u00bb custom_padding=\u00a0\u00bb|||\u00a0\u00bb box_shadow_style=\u00a0\u00bbpreset6&Prime; box_shadow_blur=\u00a0\u00bb10px\u00a0\u00bb box_shadow_color=\u00a0\u00bbrgba(0,0,0,0.1)\u00a0\u00bb button_text_size__hover_enabled=\u00a0\u00bboff\u00a0\u00bb button_one_text_size__hover_enabled=\u00a0\u00bboff\u00a0\u00bb button_two_text_size__hover_enabled=\u00a0\u00bboff\u00a0\u00bb button_text_color__hover_enabled=\u00a0\u00bboff\u00a0\u00bb button_one_text_color__hover_enabled=\u00a0\u00bboff\u00a0\u00bb button_two_text_color__hover_enabled=\u00a0\u00bboff\u00a0\u00bb button_border_width__hover_enabled=\u00a0\u00bboff\u00a0\u00bb button_one_border_width__hover_enabled=\u00a0\u00bboff\u00a0\u00bb button_two_border_width__hover_enabled=\u00a0\u00bboff\u00a0\u00bb button_border_color__hover_enabled=\u00a0\u00bboff\u00a0\u00bb button_one_border_color__hover_enabled=\u00a0\u00bboff\u00a0\u00bb button_two_border_color__hover_enabled=\u00a0\u00bboff\u00a0\u00bb button_border_radius__hover_enabled=\u00a0\u00bboff\u00a0\u00bb button_one_border_radius__hover_enabled=\u00a0\u00bboff\u00a0\u00bb button_two_border_radius__hover_enabled=\u00a0\u00bboff\u00a0\u00bb button_letter_spacing__hover_enabled=\u00a0\u00bboff\u00a0\u00bb button_one_letter_spacing__hover_enabled=\u00a0\u00bboff\u00a0\u00bb button_two_letter_spacing__hover_enabled=\u00a0\u00bboff\u00a0\u00bb button_bg_color__hover_enabled=\u00a0\u00bboff\u00a0\u00bb button_one_bg_color__hover_enabled=\u00a0\u00bboff\u00a0\u00bb button_two_bg_color__hover_enabled=\u00a0\u00bboff\u00a0\u00bb][et_pb_slide heading=\u00a0\u00bbSolutions de cloud public\u00a0\u00bb button_text=\u00a0\u00bbContacter les ventes\u00a0\u00bb button_link=\u00a0\u00bbhttps:\/\/digitaldays.com\/fr\/?page_id=1457&Prime; _builder_version=\u00a0\u00bb4.3.2&Prime; header_font=\u00a0\u00bb||||||||\u00a0\u00bb body_font=\u00a0\u00bb||||||||\u00a0\u00bb background_color=\u00a0\u00bb#ffffff\u00a0\u00bb custom_padding=\u00a0\u00bb|||\u00a0\u00bb button_text_size__hover_enabled=\u00a0\u00bboff\u00a0\u00bb button_one_text_size__hover_enabled=\u00a0\u00bboff\u00a0\u00bb button_two_text_size__hover_enabled=\u00a0\u00bboff\u00a0\u00bb button_text_color__hover_enabled=\u00a0\u00bboff\u00a0\u00bb button_one_text_color__hover_enabled=\u00a0\u00bboff\u00a0\u00bb button_two_text_color__hover_enabled=\u00a0\u00bboff\u00a0\u00bb button_border_width__hover_enabled=\u00a0\u00bboff\u00a0\u00bb button_one_border_width__hover_enabled=\u00a0\u00bboff\u00a0\u00bb button_two_border_width__hover_enabled=\u00a0\u00bboff\u00a0\u00bb button_border_color__hover_enabled=\u00a0\u00bboff\u00a0\u00bb button_one_border_color__hover_enabled=\u00a0\u00bboff\u00a0\u00bb button_two_border_color__hover_enabled=\u00a0\u00bboff\u00a0\u00bb button_border_radius__hover_enabled=\u00a0\u00bboff\u00a0\u00bb button_one_border_radius__hover_enabled=\u00a0\u00bboff\u00a0\u00bb button_two_border_radius__hover_enabled=\u00a0\u00bboff\u00a0\u00bb button_letter_spacing__hover_enabled=\u00a0\u00bboff\u00a0\u00bb button_one_letter_spacing__hover_enabled=\u00a0\u00bboff\u00a0\u00bb button_two_letter_spacing__hover_enabled=\u00a0\u00bboff\u00a0\u00bb button_bg_color__hover_enabled=\u00a0\u00bboff\u00a0\u00bb button_one_bg_color__hover_enabled=\u00a0\u00bboff\u00a0\u00bb button_two_bg_color__hover_enabled=\u00a0\u00bboff\u00a0\u00bb]<\/p>\n<p>DIgital Days propose des services d&rsquo;optimisation du cloud pour migrer ou int\u00e9grer des solutions de cloud public \u00e0 votre infrastructure existante.<\/p>\n<p>Digital Days aide les entreprises \u00e0 tirer parti de la puissance et de la flexibilit\u00e9 du cloud.<\/p>\n<p>[\/et_pb_slide][\/et_pb_slider][\/et_pb_column][\/et_pb_row][et_pb_row _builder_version=\u00a0\u00bb4.3.2&Prime;][et_pb_column type=\u00a0\u00bb4_4&Prime; _builder_version=\u00a0\u00bb4.3.2&Prime;][et_pb_text _builder_version=\u00a0\u00bb4.3.2&Prime;][\/et_pb_text][\/et_pb_column][\/et_pb_row][et_pb_row column_structure=\u00a0\u00bb1_2,1_2&Prime; _builder_version=\u00a0\u00bb4.3.2&Prime;][et_pb_column type=\u00a0\u00bb1_2&Prime; _builder_version=\u00a0\u00bb4.3.2&Prime;][et_pb_image src=\u00a0\u00bbhttps:\/\/digitaldays.com\/wp-content\/uploads\/2020\/02\/Office-365.png\u00a0\u00bb _builder_version=\u00a0\u00bb4.3.2&Prime;][\/et_pb_image][\/et_pb_column][et_pb_column type=\u00a0\u00bb1_2&Prime; _builder_version=\u00a0\u00bb4.3.2&Prime;][et_pb_text _builder_version=\u00a0\u00bb4.3.2&Prime; custom_margin=\u00a0\u00bb||11px|||\u00a0\u00bb custom_padding=\u00a0\u00bb||||false|false\u00a0\u00bb]<\/p>\n<h1>Microsoft Office 365<\/h1>\n<p>[\/et_pb_text][et_pb_text _builder_version=\u00a0\u00bb4.4.0&Prime; hover_enabled=\u00a0\u00bb0&Prime;]<\/p>\n<p>Obtenez la norme mondiale pour les applications de bureau telles que Word, Excel, PowerPoint et plus encore. Visualisez et \u00e9ditez sur tous vos appareils, y compris les applications mobiles pour les PC Windows, MacOS, iOS et Android.<\/p>\n<p>Que vous r\u00e9digiez un document, cr\u00e9iez une pr\u00e9sentation ou \u00e9valuiez votre budget, des services intelligents tels que Editor, Designer et Smart Lookup vous permettent de passer \u00e0 la vitesse sup\u00e9rieure.<\/p>\n<p>Gr\u00e2ce \u00e0 la messagerie \u00e9lectronique, aux conf\u00e9rences, au stockage en ligne, au centre de travail en \u00e9quipe et aux applications Office, vous pouvez augmenter votre productivit\u00e9, travailler efficacement et d\u00e9velopper votre entreprise en toute confiance.<\/p>\n<p>[\/et_pb_text][\/et_pb_column][\/et_pb_row][et_pb_row column_structure=\u00a0\u00bb1_2,1_2&Prime; _builder_version=\u00a0\u00bb4.3.2&Prime; locked=\u00a0\u00bboff\u00a0\u00bb][et_pb_column type=\u00a0\u00bb1_2&Prime; _builder_version=\u00a0\u00bb4.3.2&Prime;][et_pb_text _builder_version=\u00a0\u00bb4.3.2&Prime; custom_margin=\u00a0\u00bb||12px|||\u00a0\u00bb]<\/p>\n<h1>Microsoft ATP<\/h1>\n<p>[\/et_pb_text][et_pb_text _builder_version=\u00a0\u00bb4.4.0&Prime; hover_enabled=\u00a0\u00bb0&Prime;]<\/p>\n<p>Microsoft Office 365 Advanced Threat Protection (ATP) est un service de filtrage des e-mails bas\u00e9 sur le cloud qui aide \u00e0 prot\u00e9ger votre entreprise contre les logiciels malveillants et les virus inconnus en offrant une protection robuste de type \u00ab\u00a0zero-day\u00a0\u00bb, et comprend des fonctionnalit\u00e9s permettant de prot\u00e9ger votre entreprise contre les liens nuisibles en temps r\u00e9el. L&rsquo;ATP est dot\u00e9 de fonctions de reporting et de tra\u00e7age des URL qui donnent aux administrateurs un aper\u00e7u du type d&rsquo;attaques qui se produisent dans votre organisation.<\/p>\n<p>[\/et_pb_text][\/et_pb_column][et_pb_column type=\u00a0\u00bb1_2&Prime; _builder_version=\u00a0\u00bb4.3.2&Prime;][et_pb_image src=\u00a0\u00bbhttps:\/\/digitaldays.com\/wp-content\/uploads\/2020\/02\/Microsoft_Office_365_ATP.png\u00a0\u00bb _builder_version=\u00a0\u00bb4.3.2&Prime;][\/et_pb_image][\/et_pb_column][\/et_pb_row][et_pb_row column_structure=\u00a0\u00bb1_2,1_2&Prime; _builder_version=\u00a0\u00bb4.3.2&Prime; locked=\u00a0\u00bboff\u00a0\u00bb][et_pb_column type=\u00a0\u00bb1_2&Prime; _builder_version=\u00a0\u00bb4.3.2&Prime;][et_pb_image src=\u00a0\u00bbhttps:\/\/digitaldays.com\/wp-content\/uploads\/2020\/02\/Office-Teams.png\u00a0\u00bb _builder_version=\u00a0\u00bb4.3.2&Prime;][\/et_pb_image][\/et_pb_column][et_pb_column type=\u00a0\u00bb1_2&Prime; _builder_version=\u00a0\u00bb4.3.2&Prime;][et_pb_text _builder_version=\u00a0\u00bb4.3.2&Prime; custom_margin=\u00a0\u00bb||11px|||\u00a0\u00bb custom_padding=\u00a0\u00bb||||false|false\u00a0\u00bb]<\/p>\n<h1>Microsoft Teams<\/h1>\n<p>[\/et_pb_text][et_pb_text _builder_version=\u00a0\u00bb4.4.0&Prime; hover_enabled=\u00a0\u00bb0&Prime;]<\/p>\n<p>Microsoft Teams est la plaque tournante du travail en \u00e9quipe dans Microsoft 365. Le service Teams permet la messagerie instantan\u00e9e, les appels audio et vid\u00e9o, les r\u00e9unions en ligne enrichies, les exp\u00e9riences mobiles et les capacit\u00e9s \u00e9tendues de conf\u00e9rence Web. En outre, Teams offre des fonctions de collaboration et d&rsquo;extensibilit\u00e9 des fichiers et des donn\u00e9es, et s&rsquo;int\u00e8gre \u00e0 Microsoft 365 et \u00e0 d&rsquo;autres applications Microsoft et partenaires.<\/p>\n<p>[\/et_pb_text][\/et_pb_column][\/et_pb_row][et_pb_row column_structure=\u00a0\u00bb1_2,1_2&Prime; _builder_version=\u00a0\u00bb4.3.2&Prime;][et_pb_column type=\u00a0\u00bb1_2&Prime; _builder_version=\u00a0\u00bb4.3.2&Prime;][et_pb_text _builder_version=\u00a0\u00bb4.3.2&Prime; custom_margin=\u00a0\u00bb||12px|||\u00a0\u00bb]<\/p>\n<h1>Microsoft Azure<\/h1>\n<p>[\/et_pb_text][et_pb_text _builder_version=\u00a0\u00bb4.4.0&Prime; hover_enabled=\u00a0\u00bb0&Prime;]<\/p>\n<p>L&rsquo;informatique en nuage consiste \u00e0 acc\u00e9der \u00e0 des services informatiques (serveurs, stockage, mise en r\u00e9seau, logiciels) via Internet (\u00ab\u00a0le nuage\u00a0\u00bb) \u00e0 partir d&rsquo;un fournisseur comme Azure. Par exemple, au lieu de stocker des documents personnels et des photos sur le disque dur de votre ordinateur personnel, la plupart des gens les stockent d\u00e9sormais en ligne : c&rsquo;est l&rsquo;informatique d\u00e9mat\u00e9rialis\u00e9e.<\/p>\n<p>Les plateformes d&rsquo;informatique en nuage, comme Azure, sont g\u00e9n\u00e9ralement moins co\u00fbteuses et plus s\u00fbres, plus fiables et plus flexibles que les serveurs sur site. Avec le cloud, les temps d&rsquo;arr\u00eat des \u00e9quipements dus \u00e0 la maintenance, au vol ou aux dommages sont quasiment inexistants. Vous pouvez faire \u00e9voluer vos ressources de calcul et de stockage &#8211; \u00e0 la hausse ou \u00e0 la baisse &#8211; presque instantan\u00e9ment lorsque vos besoins changent sur Azure. En outre, vous ne payez g\u00e9n\u00e9ralement que pour les services que vous utilisez, ce qui offre un niveau de commodit\u00e9 et de ma\u00eetrise des co\u00fbts pratiquement impossible \u00e0 atteindre avec une infrastructure sur site.<\/p>\n<p>[\/et_pb_text][\/et_pb_column][et_pb_column type=\u00a0\u00bb1_2&Prime; _builder_version=\u00a0\u00bb4.3.2&Prime;][et_pb_image src=\u00a0\u00bbhttps:\/\/digitaldays.com\/wp-content\/uploads\/2020\/02\/Microsoft-Azure.png\u00a0\u00bb _builder_version=\u00a0\u00bb4.3.2&Prime;][\/et_pb_image][\/et_pb_column][\/et_pb_row][et_pb_row _builder_version=\u00a0\u00bb4.4.0&Prime; column_structure=\u00a0\u00bb1_3,1_3,1_3&Prime;][et_pb_column _builder_version=\u00a0\u00bb4.4.0&Prime; type=\u00a0\u00bb1_3&Prime;][et_pb_image src=\u00a0\u00bbhttps:\/\/digitaldays.com\/wp-content\/uploads\/2020\/03\/digitaldays_proofpoint-300&#215;150.png\u00a0\u00bb _builder_version=\u00a0\u00bb4.4.0&Prime; hover_enabled=\u00a0\u00bb0&Prime;][\/et_pb_image][\/et_pb_column][et_pb_column _builder_version=\u00a0\u00bb4.4.0&Prime; type=\u00a0\u00bb1_3&Prime;][et_pb_image src=\u00a0\u00bbhttps:\/\/digitaldays.com\/wp-content\/uploads\/2020\/03\/digitaldays_veeam-300&#215;150.png\u00a0\u00bb _builder_version=\u00a0\u00bb4.4.0&Prime; hover_enabled=\u00a0\u00bb0&Prime;][\/et_pb_image][\/et_pb_column][et_pb_column _builder_version=\u00a0\u00bb4.4.0&Prime; type=\u00a0\u00bb1_3&Prime;][et_pb_image src=\u00a0\u00bbhttps:\/\/digitaldays.com\/wp-content\/uploads\/2020\/03\/digitaldays_bittitan-300&#215;150.png\u00a0\u00bb _builder_version=\u00a0\u00bb4.4.0&Prime; hover_enabled=\u00a0\u00bb0&Prime;][\/et_pb_image][\/et_pb_column][\/et_pb_row][et_pb_row _builder_version=\u00a0\u00bb4.3.2&Prime;][et_pb_column type=\u00a0\u00bb4_4&Prime; _builder_version=\u00a0\u00bb4.3.2&Prime;][et_pb_text _builder_version=\u00a0\u00bb4.3.2&Prime;][\/et_pb_text][\/et_pb_column][\/et_pb_row][et_pb_row _builder_version=\u00a0\u00bb3.25&Prime; width=\u00a0\u00bb100%\u00a0\u00bb max_width=\u00a0\u00bb100%\u00a0\u00bb custom_margin=\u00a0\u00bb|||\u00a0\u00bb custom_padding=\u00a0\u00bb0px||0px|\u00a0\u00bb use_custom_width=\u00a0\u00bbon\u00a0\u00bb width_unit=\u00a0\u00bboff\u00a0\u00bb custom_width_percent=\u00a0\u00bb100%\u00a0\u00bb][et_pb_column type=\u00a0\u00bb4_4&Prime; _builder_version=\u00a0\u00bb3.25&Prime; custom_padding=\u00a0\u00bb|||\u00a0\u00bb custom_padding__hover=\u00a0\u00bb|||\u00a0\u00bb][et_pb_cta title=\u00a0\u00bbSolutions de colocation priv\u00e9e\u00a0\u00bb button_url=\u00a0\u00bbhttps:\/\/digitaldays.com\/fr\/colocation-privee\/\u00a0\u00bb button_text=\u00a0\u00bbNe cherchez pas plus loin\u00a0\u00bb _builder_version=\u00a0\u00bb3.16&Prime; button_text_size__hover_enabled=\u00a0\u00bboff\u00a0\u00bb button_one_text_size__hover_enabled=\u00a0\u00bboff\u00a0\u00bb button_two_text_size__hover_enabled=\u00a0\u00bboff\u00a0\u00bb button_text_color__hover_enabled=\u00a0\u00bboff\u00a0\u00bb button_one_text_color__hover_enabled=\u00a0\u00bboff\u00a0\u00bb button_two_text_color__hover_enabled=\u00a0\u00bboff\u00a0\u00bb button_border_width__hover_enabled=\u00a0\u00bboff\u00a0\u00bb button_one_border_width__hover_enabled=\u00a0\u00bboff\u00a0\u00bb button_two_border_width__hover_enabled=\u00a0\u00bboff\u00a0\u00bb button_border_color__hover_enabled=\u00a0\u00bboff\u00a0\u00bb button_one_border_color__hover_enabled=\u00a0\u00bboff\u00a0\u00bb button_two_border_color__hover_enabled=\u00a0\u00bboff\u00a0\u00bb button_border_radius__hover_enabled=\u00a0\u00bboff\u00a0\u00bb button_one_border_radius__hover_enabled=\u00a0\u00bboff\u00a0\u00bb button_two_border_radius__hover_enabled=\u00a0\u00bboff\u00a0\u00bb button_letter_spacing__hover_enabled=\u00a0\u00bboff\u00a0\u00bb button_one_letter_spacing__hover_enabled=\u00a0\u00bboff\u00a0\u00bb button_two_letter_spacing__hover_enabled=\u00a0\u00bboff\u00a0\u00bb button_bg_color__hover_enabled=\u00a0\u00bboff\u00a0\u00bb button_one_bg_color__hover_enabled=\u00a0\u00bboff\u00a0\u00bb button_two_bg_color__hover_enabled=\u00a0\u00bboff\u00a0\u00bb]Vous recherchez une colocation priv\u00e9e avec un acc\u00e8s en libre-service au centre de donn\u00e9es ?<br \/>\n[\/et_pb_cta][\/et_pb_column][\/et_pb_row][\/et_pb_section]<\/p>\n","protected":false},"excerpt":{"rendered":"<p>Cloud public et hybrideDIgital Days propose des services d&rsquo;optimisation du cloud pour migrer ou int\u00e9grer des solutions de cloud public \u00e0 votre infrastructure existante.Digital Days aide les entreprises \u00e0 tirer parti de la puissance et de la flexibilit\u00e9 du cloud.Microsoft Office 365Obtenez la norme mondiale pour les applications de bureau telles que Word, Excel, PowerPoint [&hellip;]<\/p>\n","protected":false},"author":1,"featured_media":0,"parent":0,"menu_order":0,"comment_status":"closed","ping_status":"closed","template":"","meta":{"_et_pb_use_builder":"on","_et_pb_old_content":"","_et_gb_content_width":"","footnotes":""},"class_list":["post-1464","page","type-page","status-publish","hentry"],"yoast_head":"<!-- This site is optimized with the Yoast SEO plugin v27.3 - https:\/\/yoast.com\/product\/yoast-seo-wordpress\/ -->\n<title>Cloud public et hybride - Digital Days Inc<\/title>\n<meta name=\"robots\" content=\"index, follow, max-snippet:-1, max-image-preview:large, max-video-preview:-1\" \/>\n<link rel=\"canonical\" href=\"https:\/\/digitaldays.com\/fr\/cloud-public-et-hybride\/\" \/>\n<meta property=\"og:locale\" content=\"fr_FR\" \/>\n<meta property=\"og:type\" content=\"article\" \/>\n<meta property=\"og:title\" content=\"Cloud public et hybride - Digital Days Inc\" \/>\n<meta property=\"og:description\" content=\"Cloud public et hybrideDIgital Days propose des services d&#039;optimisation du cloud pour migrer ou int\u00e9grer des solutions de cloud public \u00e0 votre infrastructure existante.Digital Days aide les entreprises \u00e0 tirer parti de la puissance et de la flexibilit\u00e9 du cloud.Microsoft Office 365Obtenez la norme mondiale pour les applications de bureau telles que Word, Excel, PowerPoint [&hellip;]\" \/>\n<meta property=\"og:url\" content=\"https:\/\/digitaldays.com\/fr\/cloud-public-et-hybride\/\" \/>\n<meta property=\"og:site_name\" content=\"Digital Days Inc\" \/>\n<meta property=\"article:publisher\" content=\"https:\/\/www.facebook.com\/digitaldaysinc\/\" \/>\n<meta property=\"article:modified_time\" content=\"2022-06-29T21:29:18+00:00\" \/>\n<meta name=\"twitter:card\" content=\"summary_large_image\" \/>\n<meta name=\"twitter:site\" content=\"@digitaldays\" \/>\n<meta name=\"twitter:label1\" content=\"Dur\u00e9e de lecture estim\u00e9e\" \/>\n\t<meta name=\"twitter:data1\" content=\"8 minutes\" \/>\n<script type=\"application\/ld+json\" class=\"yoast-schema-graph\">{\"@context\":\"https:\\\/\\\/schema.org\",\"@graph\":[{\"@type\":\"WebPage\",\"@id\":\"https:\\\/\\\/digitaldays.com\\\/fr\\\/cloud-public-et-hybride\\\/\",\"url\":\"https:\\\/\\\/digitaldays.com\\\/fr\\\/cloud-public-et-hybride\\\/\",\"name\":\"Cloud public et hybride - Digital Days Inc\",\"isPartOf\":{\"@id\":\"https:\\\/\\\/digitaldays.com\\\/fr\\\/#website\"},\"datePublished\":\"2020-02-09T18:53:30+00:00\",\"dateModified\":\"2022-06-29T21:29:18+00:00\",\"breadcrumb\":{\"@id\":\"https:\\\/\\\/digitaldays.com\\\/fr\\\/cloud-public-et-hybride\\\/#breadcrumb\"},\"inLanguage\":\"fr-FR\",\"potentialAction\":[{\"@type\":\"ReadAction\",\"target\":[\"https:\\\/\\\/digitaldays.com\\\/fr\\\/cloud-public-et-hybride\\\/\"]}]},{\"@type\":\"BreadcrumbList\",\"@id\":\"https:\\\/\\\/digitaldays.com\\\/fr\\\/cloud-public-et-hybride\\\/#breadcrumb\",\"itemListElement\":[{\"@type\":\"ListItem\",\"position\":1,\"name\":\"Home\",\"item\":\"https:\\\/\\\/digitaldays.com\\\/fr\\\/\"},{\"@type\":\"ListItem\",\"position\":2,\"name\":\"Cloud public et hybride\"}]},{\"@type\":\"WebSite\",\"@id\":\"https:\\\/\\\/digitaldays.com\\\/fr\\\/#website\",\"url\":\"https:\\\/\\\/digitaldays.com\\\/fr\\\/\",\"name\":\"Digital Days Managed IT\",\"description\":\"Managed IT Services\",\"publisher\":{\"@id\":\"https:\\\/\\\/digitaldays.com\\\/fr\\\/#organization\"},\"potentialAction\":[{\"@type\":\"SearchAction\",\"target\":{\"@type\":\"EntryPoint\",\"urlTemplate\":\"https:\\\/\\\/digitaldays.com\\\/fr\\\/?s={search_term_string}\"},\"query-input\":{\"@type\":\"PropertyValueSpecification\",\"valueRequired\":true,\"valueName\":\"search_term_string\"}}],\"inLanguage\":\"fr-FR\"},{\"@type\":\"Organization\",\"@id\":\"https:\\\/\\\/digitaldays.com\\\/fr\\\/#organization\",\"name\":\"Digital Days\",\"url\":\"https:\\\/\\\/digitaldays.com\\\/fr\\\/\",\"logo\":{\"@type\":\"ImageObject\",\"inLanguage\":\"fr-FR\",\"@id\":\"https:\\\/\\\/digitaldays.com\\\/fr\\\/#\\\/schema\\\/logo\\\/image\\\/\",\"url\":\"https:\\\/\\\/digitaldays.com\\\/wp-content\\\/uploads\\\/2017\\\/10\\\/digitaldays_logo_2017_wiki.png\",\"contentUrl\":\"https:\\\/\\\/digitaldays.com\\\/wp-content\\\/uploads\\\/2017\\\/10\\\/digitaldays_logo_2017_wiki.png\",\"width\":1248,\"height\":326,\"caption\":\"Digital Days\"},\"image\":{\"@id\":\"https:\\\/\\\/digitaldays.com\\\/fr\\\/#\\\/schema\\\/logo\\\/image\\\/\"},\"sameAs\":[\"https:\\\/\\\/www.facebook.com\\\/digitaldaysinc\\\/\",\"https:\\\/\\\/x.com\\\/digitaldays\",\"https:\\\/\\\/www.instagram.com\\\/digitaldays\\\/\",\"https:\\\/\\\/www.linkedin.com\\\/company\\\/digital-days-inc\"]}]}<\/script>\n<!-- \/ Yoast SEO plugin. -->","yoast_head_json":{"title":"Cloud public et hybride - Digital Days Inc","robots":{"index":"index","follow":"follow","max-snippet":"max-snippet:-1","max-image-preview":"max-image-preview:large","max-video-preview":"max-video-preview:-1"},"canonical":"https:\/\/digitaldays.com\/fr\/cloud-public-et-hybride\/","og_locale":"fr_FR","og_type":"article","og_title":"Cloud public et hybride - Digital Days Inc","og_description":"Cloud public et hybrideDIgital Days propose des services d'optimisation du cloud pour migrer ou int\u00e9grer des solutions de cloud public \u00e0 votre infrastructure existante.Digital Days aide les entreprises \u00e0 tirer parti de la puissance et de la flexibilit\u00e9 du cloud.Microsoft Office 365Obtenez la norme mondiale pour les applications de bureau telles que Word, Excel, PowerPoint [&hellip;]","og_url":"https:\/\/digitaldays.com\/fr\/cloud-public-et-hybride\/","og_site_name":"Digital Days Inc","article_publisher":"https:\/\/www.facebook.com\/digitaldaysinc\/","article_modified_time":"2022-06-29T21:29:18+00:00","twitter_card":"summary_large_image","twitter_site":"@digitaldays","twitter_misc":{"Dur\u00e9e de lecture estim\u00e9e":"8 minutes"},"schema":{"@context":"https:\/\/schema.org","@graph":[{"@type":"WebPage","@id":"https:\/\/digitaldays.com\/fr\/cloud-public-et-hybride\/","url":"https:\/\/digitaldays.com\/fr\/cloud-public-et-hybride\/","name":"Cloud public et hybride - Digital Days Inc","isPartOf":{"@id":"https:\/\/digitaldays.com\/fr\/#website"},"datePublished":"2020-02-09T18:53:30+00:00","dateModified":"2022-06-29T21:29:18+00:00","breadcrumb":{"@id":"https:\/\/digitaldays.com\/fr\/cloud-public-et-hybride\/#breadcrumb"},"inLanguage":"fr-FR","potentialAction":[{"@type":"ReadAction","target":["https:\/\/digitaldays.com\/fr\/cloud-public-et-hybride\/"]}]},{"@type":"BreadcrumbList","@id":"https:\/\/digitaldays.com\/fr\/cloud-public-et-hybride\/#breadcrumb","itemListElement":[{"@type":"ListItem","position":1,"name":"Home","item":"https:\/\/digitaldays.com\/fr\/"},{"@type":"ListItem","position":2,"name":"Cloud public et hybride"}]},{"@type":"WebSite","@id":"https:\/\/digitaldays.com\/fr\/#website","url":"https:\/\/digitaldays.com\/fr\/","name":"Digital Days Managed IT","description":"Managed IT Services","publisher":{"@id":"https:\/\/digitaldays.com\/fr\/#organization"},"potentialAction":[{"@type":"SearchAction","target":{"@type":"EntryPoint","urlTemplate":"https:\/\/digitaldays.com\/fr\/?s={search_term_string}"},"query-input":{"@type":"PropertyValueSpecification","valueRequired":true,"valueName":"search_term_string"}}],"inLanguage":"fr-FR"},{"@type":"Organization","@id":"https:\/\/digitaldays.com\/fr\/#organization","name":"Digital Days","url":"https:\/\/digitaldays.com\/fr\/","logo":{"@type":"ImageObject","inLanguage":"fr-FR","@id":"https:\/\/digitaldays.com\/fr\/#\/schema\/logo\/image\/","url":"https:\/\/digitaldays.com\/wp-content\/uploads\/2017\/10\/digitaldays_logo_2017_wiki.png","contentUrl":"https:\/\/digitaldays.com\/wp-content\/uploads\/2017\/10\/digitaldays_logo_2017_wiki.png","width":1248,"height":326,"caption":"Digital Days"},"image":{"@id":"https:\/\/digitaldays.com\/fr\/#\/schema\/logo\/image\/"},"sameAs":["https:\/\/www.facebook.com\/digitaldaysinc\/","https:\/\/x.com\/digitaldays","https:\/\/www.instagram.com\/digitaldays\/","https:\/\/www.linkedin.com\/company\/digital-days-inc"]}]}},"_links":{"self":[{"href":"https:\/\/digitaldays.com\/fr\/wp-json\/wp\/v2\/pages\/1464","targetHints":{"allow":["GET"]}}],"collection":[{"href":"https:\/\/digitaldays.com\/fr\/wp-json\/wp\/v2\/pages"}],"about":[{"href":"https:\/\/digitaldays.com\/fr\/wp-json\/wp\/v2\/types\/page"}],"author":[{"embeddable":true,"href":"https:\/\/digitaldays.com\/fr\/wp-json\/wp\/v2\/users\/1"}],"replies":[{"embeddable":true,"href":"https:\/\/digitaldays.com\/fr\/wp-json\/wp\/v2\/comments?post=1464"}],"version-history":[{"count":4,"href":"https:\/\/digitaldays.com\/fr\/wp-json\/wp\/v2\/pages\/1464\/revisions"}],"predecessor-version":[{"id":1615,"href":"https:\/\/digitaldays.com\/fr\/wp-json\/wp\/v2\/pages\/1464\/revisions\/1615"}],"wp:attachment":[{"href":"https:\/\/digitaldays.com\/fr\/wp-json\/wp\/v2\/media?parent=1464"}],"curies":[{"name":"wp","href":"https:\/\/api.w.org\/{rel}","templated":true}]}}