{"id":1512,"date":"2020-03-14T03:46:41","date_gmt":"2020-03-14T07:46:41","guid":{"rendered":"https:\/\/digitaldays.com\/votre-adresse-ip\/"},"modified":"2022-06-29T17:10:33","modified_gmt":"2022-06-29T21:10:33","slug":"votre-adresse-ip","status":"publish","type":"page","link":"https:\/\/digitaldays.com\/fr\/votre-adresse-ip\/","title":{"rendered":"Votre adresse IP"},"content":{"rendered":"<p>[et_pb_section fb_built=\u00a0\u00bb1&Prime; _builder_version=\u00a0\u00bb3.22&Prime; custom_margin=\u00a0\u00bb|||\u00a0\u00bb custom_padding=\u00a0\u00bb0px||0px|\u00a0\u00bb][et_pb_row _builder_version=\u00a0\u00bb3.25&Prime; background_image=\u00a0\u00bbhttps:\/\/digitaldays.com\/wp-content\/uploads\/2018\/01\/iStock-663622596.jpg\u00a0\u00bb width=\u00a0\u00bb100%\u00a0\u00bb max_width=\u00a0\u00bb100%\u00a0\u00bb custom_margin=\u00a0\u00bb0px||0px|\u00a0\u00bb custom_padding=\u00a0\u00bb0px||0px|\u00a0\u00bb use_custom_width=\u00a0\u00bbon\u00a0\u00bb width_unit=\u00a0\u00bboff\u00a0\u00bb custom_width_percent=\u00a0\u00bb100%\u00a0\u00bb][et_pb_column type=\u00a0\u00bb4_4&Prime; _builder_version=\u00a0\u00bb3.25&Prime; custom_padding=\u00a0\u00bb0px||0px|\u00a0\u00bb custom_padding__hover=\u00a0\u00bb|||\u00a0\u00bb][et_pb_text _builder_version=\u00a0\u00bb3.27.4&Prime; text_font=\u00a0\u00bb|600|||||||\u00a0\u00bb header_font=\u00a0\u00bb|600|||||||\u00a0\u00bb header_line_height=\u00a0\u00bb3em\u00a0\u00bb background_layout=\u00a0\u00bbdark\u00a0\u00bb max_width=\u00a0\u00bb1050px\u00a0\u00bb module_alignment=\u00a0\u00bbcenter\u00a0\u00bb custom_margin=\u00a0\u00bb0px||0px|\u00a0\u00bb custom_padding=\u00a0\u00bb10px||0px|\u00a0\u00bb]<\/p>\n<h1 style=\"text-align: left;\">Votre adresse IP<\/h1>\n<p>[\/et_pb_text][\/et_pb_column][\/et_pb_row][et_pb_row _builder_version=\u00a0\u00bb4.3.2&Prime;][et_pb_column type=\u00a0\u00bb4_4&Prime; _builder_version=\u00a0\u00bb4.3.2&Prime;][et_pb_text _builder_version=\u00a0\u00bb4.3.2&Prime;][\/et_pb_text][\/et_pb_column][\/et_pb_row][et_pb_row column_structure=\u00a0\u00bb1_5,3_5,1_5&Prime; _builder_version=\u00a0\u00bb4.4.0&Prime;][et_pb_column type=\u00a0\u00bb1_5&Prime; _builder_version=\u00a0\u00bb4.4.0&Prime;][et_pb_code _builder_version=\u00a0\u00bb4.4.0&Prime;]<?php echo \"hello world!\"; ?><!-- [et_pb_line_break_holder] -->[\/et_pb_code][\/et_pb_column][et_pb_column type=\u00a0\u00bb3_5&Prime; _builder_version=\u00a0\u00bb4.4.0&Prime;][et_pb_code _builder_version=\u00a0\u00bb4.4.0&Prime; text_orientation=\u00a0\u00bbcenter\u00a0\u00bb custom_padding=\u00a0\u00bb||9px|||\u00a0\u00bb hover_enabled=\u00a0\u00bb0&Prime;]<\/p>\n<h2>Votre adresse IP est actuellement  <strong>216.73.216.103<\/strong><\/h2>\n<p>[\/et_pb_code][\/et_pb_column][et_pb_column type=\u00a0\u00bb1_5&Prime; _builder_version=\u00a0\u00bb4.4.0&Prime;][et_pb_code _builder_version=\u00a0\u00bb4.4.0&Prime;][\/et_pb_code][\/et_pb_column][\/et_pb_row][et_pb_row _builder_version=\u00a0\u00bb4.4.0&Prime;][et_pb_column type=\u00a0\u00bb4_4&Prime; _builder_version=\u00a0\u00bb4.4.0&Prime;][\/et_pb_column][\/et_pb_row][et_pb_row _builder_version=\u00a0\u00bb3.25&Prime; width=\u00a0\u00bb100%\u00a0\u00bb max_width=\u00a0\u00bb100%\u00a0\u00bb custom_margin=\u00a0\u00bb|||\u00a0\u00bb custom_padding=\u00a0\u00bb0px||0px|\u00a0\u00bb use_custom_width=\u00a0\u00bbon\u00a0\u00bb width_unit=\u00a0\u00bboff\u00a0\u00bb custom_width_percent=\u00a0\u00bb100%\u00a0\u00bb][et_pb_column type=\u00a0\u00bb4_4&Prime; _builder_version=\u00a0\u00bb3.25&Prime; custom_padding=\u00a0\u00bb|||\u00a0\u00bb custom_padding__hover=\u00a0\u00bb|||\u00a0\u00bb][et_pb_cta title=\u00a0\u00bbD\u00e9couvrez notre kit de survie pour le travail \u00e0 domicile.\u00a0\u00bb button_url=\u00a0\u00bb\/travail-de-la-maison-survival-kit\/\u00a0\u00bb button_text=\u00a0\u00bbKit de travail \u00e0 domicile\u00a0\u00bb _builder_version=\u00a0\u00bb4.4.0&Prime; button_text_size__hover_enabled=\u00a0\u00bboff\u00a0\u00bb button_one_text_size__hover_enabled=\u00a0\u00bboff\u00a0\u00bb button_two_text_size__hover_enabled=\u00a0\u00bboff\u00a0\u00bb button_text_color__hover_enabled=\u00a0\u00bboff\u00a0\u00bb button_one_text_color__hover_enabled=\u00a0\u00bboff\u00a0\u00bb button_two_text_color__hover_enabled=\u00a0\u00bboff\u00a0\u00bb button_border_width__hover_enabled=\u00a0\u00bboff\u00a0\u00bb button_one_border_width__hover_enabled=\u00a0\u00bboff\u00a0\u00bb button_two_border_width__hover_enabled=\u00a0\u00bboff\u00a0\u00bb button_border_color__hover_enabled=\u00a0\u00bboff\u00a0\u00bb button_one_border_color__hover_enabled=\u00a0\u00bboff\u00a0\u00bb button_two_border_color__hover_enabled=\u00a0\u00bboff\u00a0\u00bb button_border_radius__hover_enabled=\u00a0\u00bboff\u00a0\u00bb button_one_border_radius__hover_enabled=\u00a0\u00bboff\u00a0\u00bb button_two_border_radius__hover_enabled=\u00a0\u00bboff\u00a0\u00bb button_letter_spacing__hover_enabled=\u00a0\u00bboff\u00a0\u00bb button_one_letter_spacing__hover_enabled=\u00a0\u00bboff\u00a0\u00bb button_two_letter_spacing__hover_enabled=\u00a0\u00bboff\u00a0\u00bb button_bg_color__hover_enabled=\u00a0\u00bboff\u00a0\u00bb button_one_bg_color__hover_enabled=\u00a0\u00bboff\u00a0\u00bb button_two_bg_color__hover_enabled=\u00a0\u00bboff\u00a0\u00bb]Nous avons rassembl\u00e9 un groupe des outils les plus courants n\u00e9cessaires pour travailler \u00e0 domicile.<br \/>\npour que les gens disposent de tout ce dont ils ont besoin pour travailler \u00e0 distance ![\/et_pb_cta][\/et_pb_column][\/et_pb_row][\/et_pb_section]<\/p>\n","protected":false},"excerpt":{"rendered":"<p>Votre adresse IPVotre adresse IP est actuellement 216.73.216.103Nous avons rassembl\u00e9 un groupe des outils les plus courants n\u00e9cessaires pour travailler \u00e0 domicile. pour que les gens disposent de tout ce dont ils ont besoin pour travailler \u00e0 distance !<\/p>\n","protected":false},"author":1,"featured_media":0,"parent":0,"menu_order":0,"comment_status":"closed","ping_status":"closed","template":"","meta":{"_et_pb_use_builder":"on","_et_pb_old_content":"","_et_gb_content_width":"","footnotes":""},"class_list":["post-1512","page","type-page","status-publish","hentry"],"yoast_head":"<!-- This site is optimized with the Yoast SEO plugin v27.4 - https:\/\/yoast.com\/product\/yoast-seo-wordpress\/ -->\n<title>Votre adresse IP - Digital Days Inc<\/title>\n<meta name=\"robots\" content=\"index, follow, max-snippet:-1, max-image-preview:large, max-video-preview:-1\" \/>\n<link rel=\"canonical\" href=\"https:\/\/digitaldays.com\/fr\/votre-adresse-ip\/\" \/>\n<meta property=\"og:locale\" content=\"fr_FR\" \/>\n<meta property=\"og:type\" content=\"article\" \/>\n<meta property=\"og:title\" content=\"Votre adresse IP - Digital Days Inc\" \/>\n<meta property=\"og:description\" content=\"Votre adresse IPVotre adresse IP est actuellement Nous avons rassembl\u00e9 un groupe des outils les plus courants n\u00e9cessaires pour travailler \u00e0 domicile. pour que les gens disposent de tout ce dont ils ont besoin pour travailler \u00e0 distance !\" \/>\n<meta property=\"og:url\" content=\"https:\/\/digitaldays.com\/fr\/votre-adresse-ip\/\" \/>\n<meta property=\"og:site_name\" content=\"Digital Days Inc\" \/>\n<meta property=\"article:publisher\" content=\"https:\/\/www.facebook.com\/digitaldaysinc\/\" \/>\n<meta property=\"article:modified_time\" content=\"2022-06-29T21:10:33+00:00\" \/>\n<meta name=\"twitter:card\" content=\"summary_large_image\" \/>\n<meta name=\"twitter:site\" content=\"@digitaldays\" \/>\n<meta name=\"twitter:label1\" content=\"Dur\u00e9e de lecture estim\u00e9e\" \/>\n\t<meta name=\"twitter:data1\" content=\"2 minutes\" \/>\n<script type=\"application\/ld+json\" class=\"yoast-schema-graph\">{\"@context\":\"https:\\\/\\\/schema.org\",\"@graph\":[{\"@type\":\"WebPage\",\"@id\":\"https:\\\/\\\/digitaldays.com\\\/fr\\\/votre-adresse-ip\\\/\",\"url\":\"https:\\\/\\\/digitaldays.com\\\/fr\\\/votre-adresse-ip\\\/\",\"name\":\"Votre adresse IP - Digital Days Inc\",\"isPartOf\":{\"@id\":\"https:\\\/\\\/digitaldays.com\\\/fr\\\/#website\"},\"datePublished\":\"2020-03-14T07:46:41+00:00\",\"dateModified\":\"2022-06-29T21:10:33+00:00\",\"breadcrumb\":{\"@id\":\"https:\\\/\\\/digitaldays.com\\\/fr\\\/votre-adresse-ip\\\/#breadcrumb\"},\"inLanguage\":\"fr-FR\",\"potentialAction\":[{\"@type\":\"ReadAction\",\"target\":[\"https:\\\/\\\/digitaldays.com\\\/fr\\\/votre-adresse-ip\\\/\"]}]},{\"@type\":\"BreadcrumbList\",\"@id\":\"https:\\\/\\\/digitaldays.com\\\/fr\\\/votre-adresse-ip\\\/#breadcrumb\",\"itemListElement\":[{\"@type\":\"ListItem\",\"position\":1,\"name\":\"Home\",\"item\":\"https:\\\/\\\/digitaldays.com\\\/fr\\\/\"},{\"@type\":\"ListItem\",\"position\":2,\"name\":\"Votre adresse IP\"}]},{\"@type\":\"WebSite\",\"@id\":\"https:\\\/\\\/digitaldays.com\\\/fr\\\/#website\",\"url\":\"https:\\\/\\\/digitaldays.com\\\/fr\\\/\",\"name\":\"Digital Days Managed IT\",\"description\":\"Managed IT Services\",\"publisher\":{\"@id\":\"https:\\\/\\\/digitaldays.com\\\/fr\\\/#organization\"},\"potentialAction\":[{\"@type\":\"SearchAction\",\"target\":{\"@type\":\"EntryPoint\",\"urlTemplate\":\"https:\\\/\\\/digitaldays.com\\\/fr\\\/?s={search_term_string}\"},\"query-input\":{\"@type\":\"PropertyValueSpecification\",\"valueRequired\":true,\"valueName\":\"search_term_string\"}}],\"inLanguage\":\"fr-FR\"},{\"@type\":\"Organization\",\"@id\":\"https:\\\/\\\/digitaldays.com\\\/fr\\\/#organization\",\"name\":\"Digital Days\",\"url\":\"https:\\\/\\\/digitaldays.com\\\/fr\\\/\",\"logo\":{\"@type\":\"ImageObject\",\"inLanguage\":\"fr-FR\",\"@id\":\"https:\\\/\\\/digitaldays.com\\\/fr\\\/#\\\/schema\\\/logo\\\/image\\\/\",\"url\":\"https:\\\/\\\/digitaldays.com\\\/wp-content\\\/uploads\\\/2017\\\/10\\\/digitaldays_logo_2017_wiki.png\",\"contentUrl\":\"https:\\\/\\\/digitaldays.com\\\/wp-content\\\/uploads\\\/2017\\\/10\\\/digitaldays_logo_2017_wiki.png\",\"width\":1248,\"height\":326,\"caption\":\"Digital Days\"},\"image\":{\"@id\":\"https:\\\/\\\/digitaldays.com\\\/fr\\\/#\\\/schema\\\/logo\\\/image\\\/\"},\"sameAs\":[\"https:\\\/\\\/www.facebook.com\\\/digitaldaysinc\\\/\",\"https:\\\/\\\/x.com\\\/digitaldays\",\"https:\\\/\\\/www.instagram.com\\\/digitaldays\\\/\",\"https:\\\/\\\/www.linkedin.com\\\/company\\\/digital-days-inc\"]}]}<\/script>\n<!-- \/ Yoast SEO plugin. -->","yoast_head_json":{"title":"Votre adresse IP - Digital Days Inc","robots":{"index":"index","follow":"follow","max-snippet":"max-snippet:-1","max-image-preview":"max-image-preview:large","max-video-preview":"max-video-preview:-1"},"canonical":"https:\/\/digitaldays.com\/fr\/votre-adresse-ip\/","og_locale":"fr_FR","og_type":"article","og_title":"Votre adresse IP - Digital Days Inc","og_description":"Votre adresse IPVotre adresse IP est actuellement Nous avons rassembl\u00e9 un groupe des outils les plus courants n\u00e9cessaires pour travailler \u00e0 domicile. pour que les gens disposent de tout ce dont ils ont besoin pour travailler \u00e0 distance !","og_url":"https:\/\/digitaldays.com\/fr\/votre-adresse-ip\/","og_site_name":"Digital Days Inc","article_publisher":"https:\/\/www.facebook.com\/digitaldaysinc\/","article_modified_time":"2022-06-29T21:10:33+00:00","twitter_card":"summary_large_image","twitter_site":"@digitaldays","twitter_misc":{"Dur\u00e9e de lecture estim\u00e9e":"2 minutes"},"schema":{"@context":"https:\/\/schema.org","@graph":[{"@type":"WebPage","@id":"https:\/\/digitaldays.com\/fr\/votre-adresse-ip\/","url":"https:\/\/digitaldays.com\/fr\/votre-adresse-ip\/","name":"Votre adresse IP - Digital Days Inc","isPartOf":{"@id":"https:\/\/digitaldays.com\/fr\/#website"},"datePublished":"2020-03-14T07:46:41+00:00","dateModified":"2022-06-29T21:10:33+00:00","breadcrumb":{"@id":"https:\/\/digitaldays.com\/fr\/votre-adresse-ip\/#breadcrumb"},"inLanguage":"fr-FR","potentialAction":[{"@type":"ReadAction","target":["https:\/\/digitaldays.com\/fr\/votre-adresse-ip\/"]}]},{"@type":"BreadcrumbList","@id":"https:\/\/digitaldays.com\/fr\/votre-adresse-ip\/#breadcrumb","itemListElement":[{"@type":"ListItem","position":1,"name":"Home","item":"https:\/\/digitaldays.com\/fr\/"},{"@type":"ListItem","position":2,"name":"Votre adresse IP"}]},{"@type":"WebSite","@id":"https:\/\/digitaldays.com\/fr\/#website","url":"https:\/\/digitaldays.com\/fr\/","name":"Digital Days Managed IT","description":"Managed IT Services","publisher":{"@id":"https:\/\/digitaldays.com\/fr\/#organization"},"potentialAction":[{"@type":"SearchAction","target":{"@type":"EntryPoint","urlTemplate":"https:\/\/digitaldays.com\/fr\/?s={search_term_string}"},"query-input":{"@type":"PropertyValueSpecification","valueRequired":true,"valueName":"search_term_string"}}],"inLanguage":"fr-FR"},{"@type":"Organization","@id":"https:\/\/digitaldays.com\/fr\/#organization","name":"Digital Days","url":"https:\/\/digitaldays.com\/fr\/","logo":{"@type":"ImageObject","inLanguage":"fr-FR","@id":"https:\/\/digitaldays.com\/fr\/#\/schema\/logo\/image\/","url":"https:\/\/digitaldays.com\/wp-content\/uploads\/2017\/10\/digitaldays_logo_2017_wiki.png","contentUrl":"https:\/\/digitaldays.com\/wp-content\/uploads\/2017\/10\/digitaldays_logo_2017_wiki.png","width":1248,"height":326,"caption":"Digital Days"},"image":{"@id":"https:\/\/digitaldays.com\/fr\/#\/schema\/logo\/image\/"},"sameAs":["https:\/\/www.facebook.com\/digitaldaysinc\/","https:\/\/x.com\/digitaldays","https:\/\/www.instagram.com\/digitaldays\/","https:\/\/www.linkedin.com\/company\/digital-days-inc"]}]}},"_links":{"self":[{"href":"https:\/\/digitaldays.com\/fr\/wp-json\/wp\/v2\/pages\/1512","targetHints":{"allow":["GET"]}}],"collection":[{"href":"https:\/\/digitaldays.com\/fr\/wp-json\/wp\/v2\/pages"}],"about":[{"href":"https:\/\/digitaldays.com\/fr\/wp-json\/wp\/v2\/types\/page"}],"author":[{"embeddable":true,"href":"https:\/\/digitaldays.com\/fr\/wp-json\/wp\/v2\/users\/1"}],"replies":[{"embeddable":true,"href":"https:\/\/digitaldays.com\/fr\/wp-json\/wp\/v2\/comments?post=1512"}],"version-history":[{"count":3,"href":"https:\/\/digitaldays.com\/fr\/wp-json\/wp\/v2\/pages\/1512\/revisions"}],"predecessor-version":[{"id":1515,"href":"https:\/\/digitaldays.com\/fr\/wp-json\/wp\/v2\/pages\/1512\/revisions\/1515"}],"wp:attachment":[{"href":"https:\/\/digitaldays.com\/fr\/wp-json\/wp\/v2\/media?parent=1512"}],"curies":[{"name":"wp","href":"https:\/\/api.w.org\/{rel}","templated":true}]}}