{"id":1518,"date":"2020-03-09T00:38:29","date_gmt":"2020-03-09T04:38:29","guid":{"rendered":"https:\/\/digitaldays.com\/declaration-covid-19\/"},"modified":"2022-06-29T17:10:37","modified_gmt":"2022-06-29T21:10:37","slug":"declaration-covid-19","status":"publish","type":"page","link":"https:\/\/digitaldays.com\/fr\/declaration-covid-19\/","title":{"rendered":"D\u00e9claration COVID-19"},"content":{"rendered":"<p>[et_pb_section fb_built=\u00a0\u00bb1&Prime; _builder_version=\u00a0\u00bb3.22&Prime; custom_margin=\u00a0\u00bb|||\u00a0\u00bb custom_padding=\u00a0\u00bb0px||0px|\u00a0\u00bb][et_pb_row _builder_version=\u00a0\u00bb3.25&Prime; background_image=\u00a0\u00bbhttps:\/\/digitaldays.com\/wp-content\/uploads\/2018\/01\/iStock-663622596.jpg\u00a0\u00bb width=\u00a0\u00bb100%\u00a0\u00bb max_width=\u00a0\u00bb100%\u00a0\u00bb custom_margin=\u00a0\u00bb0px||0px|\u00a0\u00bb custom_padding=\u00a0\u00bb0px||0px|\u00a0\u00bb use_custom_width=\u00a0\u00bbon\u00a0\u00bb width_unit=\u00a0\u00bboff\u00a0\u00bb custom_width_percent=\u00a0\u00bb100%\u00a0\u00bb][et_pb_column type=\u00a0\u00bb4_4&Prime; _builder_version=\u00a0\u00bb3.25&Prime; custom_padding=\u00a0\u00bb0px||0px|\u00a0\u00bb custom_padding__hover=\u00a0\u00bb|||\u00a0\u00bb][et_pb_text _builder_version=\u00a0\u00bb3.27.4&Prime; text_font=\u00a0\u00bb|600|||||||\u00a0\u00bb header_font=\u00a0\u00bb|600|||||||\u00a0\u00bb header_line_height=\u00a0\u00bb3em\u00a0\u00bb background_layout=\u00a0\u00bbdark\u00a0\u00bb max_width=\u00a0\u00bb1050px\u00a0\u00bb module_alignment=\u00a0\u00bbcenter\u00a0\u00bb custom_margin=\u00a0\u00bb0px||0px|\u00a0\u00bb custom_padding=\u00a0\u00bb10px||0px|\u00a0\u00bb]<\/p>\n<h1 style=\"text-align: left;\">D\u00e9claration sur le COVID-19 (Coronavirus)<\/h1>\n<p>[\/et_pb_text][\/et_pb_column][\/et_pb_row][et_pb_row column_structure=\u00a0\u00bb1_2,1_2&Prime; _builder_version=\u00a0\u00bb4.4.1&Prime;][et_pb_column type=\u00a0\u00bb1_2&Prime; _builder_version=\u00a0\u00bb4.4.0&Prime;][et_pb_text _builder_version=\u00a0\u00bb4.4.1&Prime;]<\/p>\n<p><span style=\"font-size: x-small;\">Derni\u00e8re mise \u00e0 jour : Lundi, 23 mars 2020<\/span><\/p>\n<p><span style=\"font-size: x-small;\"><\/span><\/p>\n<p><span style=\"font-size: large;\">Chers clients, partenaires et amis,<\/span><\/p>\n<p> <span style=\"font-size: large;\">Alors que la situation du COVID-19 (Coronavirus) continue de se d\u00e9velopper, Digital Days a d\u00e9j\u00e0 pris toutes les mesures n\u00e9cessaires pour assurer la s\u00e9curit\u00e9 de nos \u00e9quipes, et la continuit\u00e9 de nos op\u00e9rations.<\/span><\/p>\n<p><span style=\"font-size: large;\">En tant que fournisseur de services g\u00e9r\u00e9s depuis maintenant 20 ans, nous avons mis en place les m\u00eames plans de pr\u00e9paration aux catastrophes et de continuit\u00e9 des activit\u00e9s que ceux que nous avons \u00e9labor\u00e9s pour nos propres clients, couvrant des \u00e9v\u00e9nements tels que les catastrophes naturelles et les pand\u00e9mies, et nous avons con\u00e7u notre entreprise pour r\u00e9sister \u00e0 ces \u00e9v\u00e9nements avec un impact minimal pour vous, vos employ\u00e9s et vos clients.<\/span><\/p>\n<p><span style=\"font-size: large;\"><strong>Le gouvernement du Qu\u00e9bec ayant annonc\u00e9 aujourd&rsquo;hui que toutes les entreprises non essentielles devaient fermer leurs portes au cours des trois prochaines semaines, je tenais \u00e0 rassurer tout le monde : nous avons d\u00e9j\u00e0 ferm\u00e9 nos bureaux il y a plus d&rsquo;une semaine, et nos activit\u00e9s \u00e0 Montr\u00e9al et \u00e0 Toronto se poursuivent \u00e0 100 %, \u00e0 l&rsquo;exception de tout service sur place.<\/strong><\/span><\/p>\n<p><span style=\"font-size: large;\">Comme nos solutions sont en grande partie h\u00e9berg\u00e9es dans des nuages et des nuages priv\u00e9s, nos \u00e9quipes travaillent d\u00e9sormais \u00e0 distance et sont pleinement op\u00e9rationnelles, et nous disposons de redondances sur l&rsquo;ensemble de notre r\u00e9seau au cas o\u00f9 un site serait touch\u00e9.<\/span><\/p>\n<p><span style=\"font-size: large;\">Nous comprenons l&rsquo;impact que cela peut avoir sur nos clients, et nous sommes l\u00e0 pour les aider de toutes les mani\u00e8res possibles.  <strong>Digital Days propose d\u00e9sormais des <a href=\"https:\/\/digitaldays.com\/fr\/?page_id=1457\">services gratuits de conservation des mots de passe<\/a> \u00e0 tous ses clients. Ces services seront utilis\u00e9s par tous leurs employ\u00e9s pour g\u00e9rer en toute s\u00e9curit\u00e9 les mots de passe de l&rsquo;entreprise lorsqu&rsquo;ils travaillent \u00e0 domicile.<\/strong><\/span><\/p>\n<p><span style=\"font-size: large;\">Les Digital Days ont \u00e9galement  <a href=\"https:\/\/shop.digitaldays.com\">lanc\u00e9 une boutique en ligne<\/a> o\u00f9 nous avons s\u00e9lectionn\u00e9 des \u00ab\u00a0produits de travail \u00e0 domicile\u00a0\u00bb qui peuvent \u00eatre achet\u00e9s \u00e0 la fois chez Digital Days et directement sur Amazon Canada, et nous sommes \u00e0 la disposition de nos clients pour les activit\u00e9s suivantes  <a href=\"https:\/\/digitaldays.com\/fr\/?page_id=1464\">Migrations Microsoft Office 365 et dossiers de synchronisation<\/a>, ainsi que  <a href=\"https:\/\/remotedesktop.com\">D\u00e9ploiements de Private Cloud Desktop<\/a> selon les besoins.<\/span><\/p>\n<p><span style=\"font-size: large;\">Dans l&rsquo;int\u00e9r\u00eat de rester en s\u00e9curit\u00e9, veuillez trouver ci-dessous des ressources li\u00e9es \u00e0 la pand\u00e9mie en cours :<\/span><\/p>\n<p style=\"padding-left: 30px;\"><span style=\"font-size: large;\">&#8211; <a href=\"https:\/\/www.who.int\/emergencies\/diseases\/novel-coronavirus-2019\" target=\"_blank\" rel=\"noopener noreferrer\">Organisation mondiale de la sant\u00e9 (OMS<\/a>)<\/span><\/p>\n<p style=\"padding-left: 30px;\"><span style=\"font-size: large;\">&#8211; <a href=\"https:\/\/www.cdc.gov\/coronavirus\/2019-ncov\/about\/prevention-treatment.html\" target=\"_blank\" rel=\"noopener noreferrer\">Pr\u00e9vention du CDC COVID-19<\/a><\/span><\/p>\n<p style=\"padding-left: 30px;\"><span style=\"font-size: large;\">&#8211; <a href=\"https:\/\/www.canada.ca\/en\/public-health\/services\/diseases\/coronavirus-disease-covid-19.html\">Information sur le COVID-19 du gouvernement du Canada<\/a><\/span><\/p>\n<p><span style=\"font-size: large;\">Compte tenu de la rapidit\u00e9 avec laquelle la situation a \u00e9volu\u00e9 ces derniers temps et de la gravit\u00e9 croissante de la situation en Europe, aux \u00c9tats-Unis et ici m\u00eame au Canada, nous encourageons tous nos clients, partenaires, employ\u00e9s et amis \u00e0 privil\u00e9gier la sant\u00e9 et le bien-\u00eatre de tous en restant chez eux et en prenant leurs distances socialement, afin que nous puissions continuer \u00e0 fonctionner efficacement et contribuer \u00e0 pr\u00e9venir la propagation de la maladie.<\/span><span style=\"font-size: 14px;\"> <\/span><\/p>\n<p><span style=\"font-size: large;\"><\/span><\/p>\n<p><span style=\"font-size: large;\">Bonne chance et prenez soin de vous,<\/span><\/p>\n<p>[\/et_pb_text][et_pb_image src=\u00a0\u00bbhttps:\/\/digitaldays.com\/wp-content\/uploads\/2020\/03\/Stephane_Signature_EN.png\u00a0\u00bb _builder_version=\u00a0\u00bb4.4.1&Prime; custom_margin=\u00a0\u00bb0px||0px|37px|false|false\u00a0\u00bb custom_padding=\u00a0\u00bb0px||0px||false|false\u00a0\u00bb][\/et_pb_image][\/et_pb_column][et_pb_column type=\u00a0\u00bb1_2&Prime; _builder_version=\u00a0\u00bb4.4.0&Prime;][et_pb_text _builder_version=\u00a0\u00bb4.4.1&Prime;]<\/p>\n<p><span style=\"font-size: x-small;\">Mise \u00e0 jour : Lundi le 23 mars 2020<\/span><\/p>\n<p><span style=\"font-size: x-small;\"><\/span><\/p>\n<p><span style=\"font-size: large;\">Chers clients, partenaires et amis,<\/span><\/p>\n<p><span style=\"font-size: large;\"><\/span><\/p>\n<p><span style=\"font-size: large;\">Alors que la situation du COVID-19 (Coronavirus) continue de se d\u00e9velopper, Digital Days a d\u00e9j\u00e0 pris toutes les mesures n\u00e9cessaires pour assurer la s\u00e9curit\u00e9 de nos \u00e9quipes et la continuit\u00e9 de nos op\u00e9rations.<\/span><\/p>\n<p><span style=\"font-size: large;\">En tant que fournisseur de services g\u00e9r\u00e9s depuis maintenant 20 ans, nous avons mis en place les m\u00eames plans de pr\u00e9paration aux catastrophes et de continuit\u00e9 des activit\u00e9s que nous avons con\u00e7us pour nos propres clients, couvrant des \u00e9v\u00e9nements tels que les catastrophes naturelles et les pand\u00e9mies, notre entreprise \u00e9tant con\u00e7ue pour r\u00e9sister \u00e0 ces \u00e9v\u00e9nements, minimisant tout impact sur vous, ainsi que vos employ\u00e9s et clients.<\/span><\/p>\n<p><span style=\"font-size: large;\"><strong>Suite \u00e0 l&rsquo;annonce, \u00e9mise ce lundi 23 mars, par le gouvernement du Qu\u00e9bec concernant la fermeture des entreprises non essentielles pour les 3 prochaines semaines, je voulais vous rassurer : nous avions d\u00e9j\u00e0 ferm\u00e9 nos bureaux il y a plus d&rsquo;une semaine, et nos op\u00e9rations \u00e0 Montr\u00e9al et Toronto se poursuivent \u00e0 100% de leur capacit\u00e9, \u00e0 l&rsquo;exception de tout service sur place.<\/strong><\/span><\/p>\n<p><span style=\"font-size: large;\">Comme nos solutions sont en grande partie h\u00e9berg\u00e9es dans \u00a0\u00bb le cloud \u00a0\u00bb et en \u00a0\u00bb cloud priv\u00e9 \u00ab\u00a0, nos \u00e9quipes travaillent d\u00e9sormais \u00e0 distance et sont pleinement op\u00e9rationnelles, nous avons des redondances sur notre r\u00e9seau en cas d&rsquo;impact sur n&rsquo;importe quel emplacement.<\/span><\/p>\n<p><span style=\"font-size: large;\">Nous comprenons \u00e0 quel point cela peut \u00eatre impactant pour nos clients, et nous sommes l\u00e0 pour vous aider de toutes les mani\u00e8res possibles.  <strong>Digital Days offrira d\u00e9sormais \u00e0 tous ses clients <a href=\"https:\/\/digitaldays.com\/fr\/?page_id=1457\">des services gratuits de conservation de mots de passe<\/a>, pouvant \u00eatre utilis\u00e9 par tous leurs employ\u00e9s pour g\u00e9rer en toute s\u00e9curit\u00e9 les mots de passe d&rsquo;entreprise, tout en travaillant \u00e0 domicile.  <\/strong><\/span><\/p>\n<p><span style=\"font-size: large;\">Digital Days a \u00e9galement lanc\u00e9 <a href=\"https:\/\/shop.digitaldays.com\/fr\">une boutique en ligne<\/a> o\u00f9 nous avons r\u00e9pertori\u00e9 des produits pour le travail \u00e0 domicile, qui peuvent \u00eatre achet\u00e9s \u00e0 la fois chez Digital Days et directement aupr\u00e8s d&rsquo;Amazon Canada. Nous tenons aussi \u00e0 disposition pour vos besoins de <a href=\"https:\/\/digitaldays.com\/fr\/?page_id=1464\">migrations et de synchronisation de Microsoft Office 365<\/a> et de t\u00e9l\u00e9partage, ainsi que vos besoins de <a href=\"https:\/\/remotedesktop.com\">d\u00e9ploiements sur cloud priv\u00e9<\/a>.<\/span><\/p>\n<p><span style=\"font-size: large;\">Afin de rester en s\u00e9curit\u00e9, veuillez trouver ci-dessous les ressources li\u00e9es \u00e0 la pand\u00e9mie en cours :<\/span><\/p>\n<p style=\"padding-left: 30px;\"><span style=\"font-size: large;\">&#8211; <a href=\"https:\/\/www.who.int\/emergencies\/diseases\/novel-coronavirus-2019\" target=\"_blank\" rel=\"noopener noreferrer\">Organisation mondiale de la sant\u00e9 (OMS<\/a>) <a href=\"https:\/\/www.who.int\/emergencies\/diseases\/novel-coronavirus-2019\" target=\"_blank\" rel=\"noopener noreferrer\"><br \/><\/a><\/span><\/p>\n<p style=\"padding-left: 30px;\"><span style=\"font-size: large;\">&#8211; <a href=\"https:\/\/www.cdc.gov\/coronavirus\/2019-ncov\/about\/prevention-treatment.html\" target=\"_blank\" rel=\"noopener noreferrer\">CDC COVID-19 Pr\u00e9vention<\/a> <a href=\"https:\/\/www.cdc.gov\/coronavirus\/2019-ncov\/about\/prevention-treatment.html\" target=\"_blank\" rel=\"noopener noreferrer\"><br \/><\/a><\/span><\/p>\n<p style=\"padding-left: 30px;\"><span style=\"font-size: large;\">&#8211; <a href=\"https:\/\/www.canada.ca\/en\/public-health\/services\/diseases\/coronavirus-disease-covid-19.html\">Information COVID-19 du gouvernement du Canada<\/a> <a href=\"https:\/\/www.canada.ca\/en\/public-health\/services\/diseases\/coronavirus-disease-covid-19.html\"><br \/><\/a><\/span><\/p>\n<p><span style=\"font-size: large;\">Compte tenu de la rapidit\u00e9 avec laquelle la situation a \u00e9volu\u00e9 r\u00e9cemment et de la gravit\u00e9 croissante de la situation en Europe, aux \u00c9tats-Unis et ici au Canada, j&rsquo;encourage tous nos clients, partenaires, employ\u00e9s et amis \u00e0 faire de la sant\u00e9 et du bien-\u00eatre de chacun une priorit\u00e9 en restant \u00e0 la maison et en appliquant les r\u00e8gles de distances sociales, afin que nous puissions continuer \u00e0 fonctionner efficacement et aider \u00e0 pr\u00e9venir la propagation des maladies.<\/span><\/p>\n<p><span style=\"font-size: large;\"><\/span><\/p>\n<p><span style=\"font-size: large;\">Tout le meilleur et prenez bien soin de vous,<\/span><\/p>\n<p>[\/et_pb_text][et_pb_image src=\u00a0\u00bbhttps:\/\/digitaldays.com\/wp-content\/uploads\/2020\/03\/Stephane_Signature_FR.png\u00a0\u00bb _builder_version=\u00a0\u00bb4.4.1&Prime; custom_margin=\u00a0\u00bb0px||0px|37px|false|false\u00a0\u00bb custom_padding=\u00a0\u00bb0px||0px||false|false\u00a0\u00bb][\/et_pb_image][\/et_pb_column][\/et_pb_row][et_pb_row _builder_version=\u00a0\u00bb4.3.2&Prime;][et_pb_column type=\u00a0\u00bb4_4&Prime; _builder_version=\u00a0\u00bb4.3.2&Prime;][et_pb_text _builder_version=\u00a0\u00bb4.3.2&Prime;][\/et_pb_text][\/et_pb_column][\/et_pb_row][et_pb_row _builder_version=\u00a0\u00bb3.25&Prime; width=\u00a0\u00bb100%\u00a0\u00bb max_width=\u00a0\u00bb100%\u00a0\u00bb custom_margin=\u00a0\u00bb|||\u00a0\u00bb custom_padding=\u00a0\u00bb0px||0px|\u00a0\u00bb use_custom_width=\u00a0\u00bbon\u00a0\u00bb width_unit=\u00a0\u00bboff\u00a0\u00bb custom_width_percent=\u00a0\u00bb100%\u00a0\u00bb][et_pb_column type=\u00a0\u00bb4_4&Prime; _builder_version=\u00a0\u00bb3.25&Prime; custom_padding=\u00a0\u00bb|||\u00a0\u00bb custom_padding__hover=\u00a0\u00bb|||\u00a0\u00bb][et_pb_cta title=\u00a0\u00bbD\u00e9couvrez notre kit de survie pour le travail \u00e0 domicile.\u00a0\u00bb button_url=\u00a0\u00bbhttps:\/\/shop.digitaldays.com\/collections\/work-from-home\u00a0\u00bb button_text=\u00a0\u00bbKit de travail \u00e0 domicile\u00a0\u00bb _builder_version=\u00a0\u00bb4.4.2&Prime; hover_enabled=\u00a0\u00bb0&Prime; button_text_size__hover_enabled=\u00a0\u00bboff\u00a0\u00bb button_one_text_size__hover_enabled=\u00a0\u00bboff\u00a0\u00bb button_two_text_size__hover_enabled=\u00a0\u00bboff\u00a0\u00bb button_text_color__hover_enabled=\u00a0\u00bboff\u00a0\u00bb button_one_text_color__hover_enabled=\u00a0\u00bboff\u00a0\u00bb button_two_text_color__hover_enabled=\u00a0\u00bboff\u00a0\u00bb button_border_width__hover_enabled=\u00a0\u00bboff\u00a0\u00bb button_one_border_width__hover_enabled=\u00a0\u00bboff\u00a0\u00bb button_two_border_width__hover_enabled=\u00a0\u00bboff\u00a0\u00bb button_border_color__hover_enabled=\u00a0\u00bboff\u00a0\u00bb button_one_border_color__hover_enabled=\u00a0\u00bboff\u00a0\u00bb button_two_border_color__hover_enabled=\u00a0\u00bboff\u00a0\u00bb button_border_radius__hover_enabled=\u00a0\u00bboff\u00a0\u00bb button_one_border_radius__hover_enabled=\u00a0\u00bboff\u00a0\u00bb button_two_border_radius__hover_enabled=\u00a0\u00bboff\u00a0\u00bb button_letter_spacing__hover_enabled=\u00a0\u00bboff\u00a0\u00bb button_one_letter_spacing__hover_enabled=\u00a0\u00bboff\u00a0\u00bb button_two_letter_spacing__hover_enabled=\u00a0\u00bboff\u00a0\u00bb button_bg_color__hover_enabled=\u00a0\u00bboff\u00a0\u00bb button_one_bg_color__hover_enabled=\u00a0\u00bboff\u00a0\u00bb button_two_bg_color__hover_enabled=\u00a0\u00bboff\u00a0\u00bb]Nous avons rassembl\u00e9 un groupe des outils les plus courants n\u00e9cessaires pour travailler \u00e0 domicile.<br \/>\npour que les gens disposent de tout ce dont ils ont besoin pour travailler \u00e0 distance ![\/et_pb_cta][\/et_pb_column][\/et_pb_row][\/et_pb_section]<\/p>\n","protected":false},"excerpt":{"rendered":"<p>D\u00e9claration sur le COVID-19 (Coronavirus)Derni\u00e8re mise \u00e0 jour : Lundi, 23 mars 2020 Chers clients, partenaires et amis, Alors que la situation du COVID-19 (Coronavirus) continue de se d\u00e9velopper, Digital Days a d\u00e9j\u00e0 pris toutes les mesures n\u00e9cessaires pour assurer la s\u00e9curit\u00e9 de nos \u00e9quipes, et la continuit\u00e9 de nos op\u00e9rations. En tant que fournisseur [&hellip;]<\/p>\n","protected":false},"author":1,"featured_media":0,"parent":0,"menu_order":0,"comment_status":"closed","ping_status":"closed","template":"","meta":{"_et_pb_use_builder":"on","_et_pb_old_content":"","_et_gb_content_width":"","footnotes":""},"class_list":["post-1518","page","type-page","status-publish","hentry"],"yoast_head":"<!-- This site is optimized with the Yoast SEO plugin v27.4 - https:\/\/yoast.com\/product\/yoast-seo-wordpress\/ -->\n<title>D\u00e9claration COVID-19 - Digital Days Inc<\/title>\n<meta name=\"robots\" content=\"index, follow, max-snippet:-1, max-image-preview:large, max-video-preview:-1\" \/>\n<link rel=\"canonical\" href=\"https:\/\/digitaldays.com\/fr\/declaration-covid-19\/\" \/>\n<meta property=\"og:locale\" content=\"fr_FR\" \/>\n<meta property=\"og:type\" content=\"article\" \/>\n<meta property=\"og:title\" content=\"D\u00e9claration COVID-19 - Digital Days Inc\" \/>\n<meta property=\"og:description\" content=\"D\u00e9claration sur le COVID-19 (Coronavirus)Derni\u00e8re mise \u00e0 jour : Lundi, 23 mars 2020 Chers clients, partenaires et amis, Alors que la situation du COVID-19 (Coronavirus) continue de se d\u00e9velopper, Digital Days a d\u00e9j\u00e0 pris toutes les mesures n\u00e9cessaires pour assurer la s\u00e9curit\u00e9 de nos \u00e9quipes, et la continuit\u00e9 de nos op\u00e9rations. En tant que fournisseur [&hellip;]\" \/>\n<meta property=\"og:url\" content=\"https:\/\/digitaldays.com\/fr\/declaration-covid-19\/\" \/>\n<meta property=\"og:site_name\" content=\"Digital Days Inc\" \/>\n<meta property=\"article:publisher\" content=\"https:\/\/www.facebook.com\/digitaldaysinc\/\" \/>\n<meta property=\"article:modified_time\" content=\"2022-06-29T21:10:37+00:00\" \/>\n<meta name=\"twitter:card\" content=\"summary_large_image\" \/>\n<meta name=\"twitter:site\" content=\"@digitaldays\" \/>\n<meta name=\"twitter:label1\" content=\"Dur\u00e9e de lecture estim\u00e9e\" \/>\n\t<meta name=\"twitter:data1\" content=\"7 minutes\" \/>\n<script type=\"application\/ld+json\" class=\"yoast-schema-graph\">{\"@context\":\"https:\\\/\\\/schema.org\",\"@graph\":[{\"@type\":\"WebPage\",\"@id\":\"https:\\\/\\\/digitaldays.com\\\/fr\\\/declaration-covid-19\\\/\",\"url\":\"https:\\\/\\\/digitaldays.com\\\/fr\\\/declaration-covid-19\\\/\",\"name\":\"D\u00e9claration COVID-19 - Digital Days Inc\",\"isPartOf\":{\"@id\":\"https:\\\/\\\/digitaldays.com\\\/fr\\\/#website\"},\"datePublished\":\"2020-03-09T04:38:29+00:00\",\"dateModified\":\"2022-06-29T21:10:37+00:00\",\"breadcrumb\":{\"@id\":\"https:\\\/\\\/digitaldays.com\\\/fr\\\/declaration-covid-19\\\/#breadcrumb\"},\"inLanguage\":\"fr-FR\",\"potentialAction\":[{\"@type\":\"ReadAction\",\"target\":[\"https:\\\/\\\/digitaldays.com\\\/fr\\\/declaration-covid-19\\\/\"]}]},{\"@type\":\"BreadcrumbList\",\"@id\":\"https:\\\/\\\/digitaldays.com\\\/fr\\\/declaration-covid-19\\\/#breadcrumb\",\"itemListElement\":[{\"@type\":\"ListItem\",\"position\":1,\"name\":\"Home\",\"item\":\"https:\\\/\\\/digitaldays.com\\\/fr\\\/\"},{\"@type\":\"ListItem\",\"position\":2,\"name\":\"D\u00e9claration COVID-19\"}]},{\"@type\":\"WebSite\",\"@id\":\"https:\\\/\\\/digitaldays.com\\\/fr\\\/#website\",\"url\":\"https:\\\/\\\/digitaldays.com\\\/fr\\\/\",\"name\":\"Digital Days Managed IT\",\"description\":\"Managed IT Services\",\"publisher\":{\"@id\":\"https:\\\/\\\/digitaldays.com\\\/fr\\\/#organization\"},\"potentialAction\":[{\"@type\":\"SearchAction\",\"target\":{\"@type\":\"EntryPoint\",\"urlTemplate\":\"https:\\\/\\\/digitaldays.com\\\/fr\\\/?s={search_term_string}\"},\"query-input\":{\"@type\":\"PropertyValueSpecification\",\"valueRequired\":true,\"valueName\":\"search_term_string\"}}],\"inLanguage\":\"fr-FR\"},{\"@type\":\"Organization\",\"@id\":\"https:\\\/\\\/digitaldays.com\\\/fr\\\/#organization\",\"name\":\"Digital Days\",\"url\":\"https:\\\/\\\/digitaldays.com\\\/fr\\\/\",\"logo\":{\"@type\":\"ImageObject\",\"inLanguage\":\"fr-FR\",\"@id\":\"https:\\\/\\\/digitaldays.com\\\/fr\\\/#\\\/schema\\\/logo\\\/image\\\/\",\"url\":\"https:\\\/\\\/digitaldays.com\\\/wp-content\\\/uploads\\\/2017\\\/10\\\/digitaldays_logo_2017_wiki.png\",\"contentUrl\":\"https:\\\/\\\/digitaldays.com\\\/wp-content\\\/uploads\\\/2017\\\/10\\\/digitaldays_logo_2017_wiki.png\",\"width\":1248,\"height\":326,\"caption\":\"Digital Days\"},\"image\":{\"@id\":\"https:\\\/\\\/digitaldays.com\\\/fr\\\/#\\\/schema\\\/logo\\\/image\\\/\"},\"sameAs\":[\"https:\\\/\\\/www.facebook.com\\\/digitaldaysinc\\\/\",\"https:\\\/\\\/x.com\\\/digitaldays\",\"https:\\\/\\\/www.instagram.com\\\/digitaldays\\\/\",\"https:\\\/\\\/www.linkedin.com\\\/company\\\/digital-days-inc\"]}]}<\/script>\n<!-- \/ Yoast SEO plugin. -->","yoast_head_json":{"title":"D\u00e9claration COVID-19 - Digital Days Inc","robots":{"index":"index","follow":"follow","max-snippet":"max-snippet:-1","max-image-preview":"max-image-preview:large","max-video-preview":"max-video-preview:-1"},"canonical":"https:\/\/digitaldays.com\/fr\/declaration-covid-19\/","og_locale":"fr_FR","og_type":"article","og_title":"D\u00e9claration COVID-19 - Digital Days Inc","og_description":"D\u00e9claration sur le COVID-19 (Coronavirus)Derni\u00e8re mise \u00e0 jour : Lundi, 23 mars 2020 Chers clients, partenaires et amis, Alors que la situation du COVID-19 (Coronavirus) continue de se d\u00e9velopper, Digital Days a d\u00e9j\u00e0 pris toutes les mesures n\u00e9cessaires pour assurer la s\u00e9curit\u00e9 de nos \u00e9quipes, et la continuit\u00e9 de nos op\u00e9rations. En tant que fournisseur [&hellip;]","og_url":"https:\/\/digitaldays.com\/fr\/declaration-covid-19\/","og_site_name":"Digital Days Inc","article_publisher":"https:\/\/www.facebook.com\/digitaldaysinc\/","article_modified_time":"2022-06-29T21:10:37+00:00","twitter_card":"summary_large_image","twitter_site":"@digitaldays","twitter_misc":{"Dur\u00e9e de lecture estim\u00e9e":"7 minutes"},"schema":{"@context":"https:\/\/schema.org","@graph":[{"@type":"WebPage","@id":"https:\/\/digitaldays.com\/fr\/declaration-covid-19\/","url":"https:\/\/digitaldays.com\/fr\/declaration-covid-19\/","name":"D\u00e9claration COVID-19 - Digital Days Inc","isPartOf":{"@id":"https:\/\/digitaldays.com\/fr\/#website"},"datePublished":"2020-03-09T04:38:29+00:00","dateModified":"2022-06-29T21:10:37+00:00","breadcrumb":{"@id":"https:\/\/digitaldays.com\/fr\/declaration-covid-19\/#breadcrumb"},"inLanguage":"fr-FR","potentialAction":[{"@type":"ReadAction","target":["https:\/\/digitaldays.com\/fr\/declaration-covid-19\/"]}]},{"@type":"BreadcrumbList","@id":"https:\/\/digitaldays.com\/fr\/declaration-covid-19\/#breadcrumb","itemListElement":[{"@type":"ListItem","position":1,"name":"Home","item":"https:\/\/digitaldays.com\/fr\/"},{"@type":"ListItem","position":2,"name":"D\u00e9claration COVID-19"}]},{"@type":"WebSite","@id":"https:\/\/digitaldays.com\/fr\/#website","url":"https:\/\/digitaldays.com\/fr\/","name":"Digital Days Managed IT","description":"Managed IT Services","publisher":{"@id":"https:\/\/digitaldays.com\/fr\/#organization"},"potentialAction":[{"@type":"SearchAction","target":{"@type":"EntryPoint","urlTemplate":"https:\/\/digitaldays.com\/fr\/?s={search_term_string}"},"query-input":{"@type":"PropertyValueSpecification","valueRequired":true,"valueName":"search_term_string"}}],"inLanguage":"fr-FR"},{"@type":"Organization","@id":"https:\/\/digitaldays.com\/fr\/#organization","name":"Digital Days","url":"https:\/\/digitaldays.com\/fr\/","logo":{"@type":"ImageObject","inLanguage":"fr-FR","@id":"https:\/\/digitaldays.com\/fr\/#\/schema\/logo\/image\/","url":"https:\/\/digitaldays.com\/wp-content\/uploads\/2017\/10\/digitaldays_logo_2017_wiki.png","contentUrl":"https:\/\/digitaldays.com\/wp-content\/uploads\/2017\/10\/digitaldays_logo_2017_wiki.png","width":1248,"height":326,"caption":"Digital Days"},"image":{"@id":"https:\/\/digitaldays.com\/fr\/#\/schema\/logo\/image\/"},"sameAs":["https:\/\/www.facebook.com\/digitaldaysinc\/","https:\/\/x.com\/digitaldays","https:\/\/www.instagram.com\/digitaldays\/","https:\/\/www.linkedin.com\/company\/digital-days-inc"]}]}},"_links":{"self":[{"href":"https:\/\/digitaldays.com\/fr\/wp-json\/wp\/v2\/pages\/1518","targetHints":{"allow":["GET"]}}],"collection":[{"href":"https:\/\/digitaldays.com\/fr\/wp-json\/wp\/v2\/pages"}],"about":[{"href":"https:\/\/digitaldays.com\/fr\/wp-json\/wp\/v2\/types\/page"}],"author":[{"embeddable":true,"href":"https:\/\/digitaldays.com\/fr\/wp-json\/wp\/v2\/users\/1"}],"replies":[{"embeddable":true,"href":"https:\/\/digitaldays.com\/fr\/wp-json\/wp\/v2\/comments?post=1518"}],"version-history":[{"count":3,"href":"https:\/\/digitaldays.com\/fr\/wp-json\/wp\/v2\/pages\/1518\/revisions"}],"predecessor-version":[{"id":1523,"href":"https:\/\/digitaldays.com\/fr\/wp-json\/wp\/v2\/pages\/1518\/revisions\/1523"}],"wp:attachment":[{"href":"https:\/\/digitaldays.com\/fr\/wp-json\/wp\/v2\/media?parent=1518"}],"curies":[{"name":"wp","href":"https:\/\/api.w.org\/{rel}","templated":true}]}}